{"id":929,"date":"2013-02-21T13:00:26","date_gmt":"2013-02-21T13:00:26","guid":{"rendered":"https:\/\/www.viennahostel.at\/home-2\/"},"modified":"2026-03-25T16:07:56","modified_gmt":"2026-03-25T15:07:56","slug":"home","status":"publish","type":"page","link":"https:\/\/www.viennahostel.at\/tr\/","title":{"rendered":"Home"},"content":{"rendered":"<div class=\"wpb-content-wrapper\"><p>[vc_row][vc_column][vc_column_text]<\/p>\n<h2><strong>Avusturya, Viyana Westend City Hostel`ine ho\u015f geldin!<\/strong><\/h2>\n<p>[\/vc_column_text][\/vc_column][\/vc_row][vc_row][vc_column][vc_text_separator title=&#8221;Please choose&#8221;][\/vc_column][\/vc_row]<\/p>\n<p>[vc_row]<br \/>\n[vc_column width=&#8221;1\/2&#8243;][vc_btn title=&#8221;Individuals up to 8 guests&#8221; color=&#8221;green&#8221; align=&#8221;center&#8221; i_type=&#8221;entypo&#8221; i_icon_entypo=&#8221;entypo-icon entypo-icon-user&#8221; add_icon=&#8221;true&#8221; link=&#8221;url:https%3A%2F%2Fhostels.assd.com%2Fmobile.php%3Fcust%3D001060%26amp%3Blangcrs%3DE%26amp%3Btype%3D020|title:Individuals up to 8 guests|target:%20_blank|&#8221;]<\/p>\n<p>[\/vc_column]<\/p>\n<p>[vc_column width=&#8221;1\/2&#8243;]<\/p>\n<p>[vc_btn title=&#8221;Groups&#8221; color=&#8221;primary&#8221; align=&#8221;center&#8221; i_type=&#8221;entypo&#8221; i_icon_entypo=&#8221;entypo-icon entypo-icon-user-add&#8221; add_icon=&#8221;true&#8221; link=&#8221;url:https%3A%2F%2Fwww.viennahostel.at%2Ftr%2Fbookingforgroups%2F|title:Groups|target:%20_blank|&#8221;]<\/p>\n<p>[\/vc_column][\/vc_row]<\/p>\n<p>[vc_row][vc_column]<br \/>\n[vc_btn title=&#8221;Monthly stays&#8221; color=&#8221;warning&#8221; align=&#8221;center&#8221; i_type=&#8221;entypo&#8221; i_icon_entypo=&#8221;entypo-icon entypo-icon-user-add&#8221; add_icon=&#8221;true&#8221; link=&#8221;url:https%3A%2F%2Fwww.viennahostel.at%2Ftr%2FMonthlystays%2F|title:Monthly stays|target:%20_blank|&#8221;]<br \/>\n[\/vc_column][\/vc_row]<\/p>\n<p>Hostelimiz \u015fehir merkezine yak\u0131n yerde konaklamak ve kolayca bulabilece\u011fin F\u00fcgergasse 3\u00b4de bulunmaktad\u0131r.<\/p>\n<p>Westend City Hostel, aile taraf\u0131ndan i\u015fletilen bir gen\u00e7lik yurdudur ve tek, \u00e7ift, aile odalar\u0131, daireler ve son zamanlarda ayl\u0131k odalar sunmaktad\u0131r. Hala halka a\u00e7\u0131k\u0131z ve arabayla ula\u015fmak \u00e7ok kolay. Ayr\u0131ca misafirlerimize indirimli APCOA garaj biletleri ve i\u00e7 avluda bisiklet park yerleri sunmaktan mutluluk duyuyoruz.<\/p>\n<p>Mariahilfer Stra\u00dfe, Westbahnhof, XXX-Lutz Restaurant (ayr\u0131ca \u00e7ok say\u0131da di\u011fer kahvalt\u0131 f\u0131r\u0131nlar\u0131 ve restoranlar) ve Apcoa Garage, Westend City Hostel&#8217;in hemen yak\u0131n\u0131ndad\u0131r.<\/p>\n<p>Hostelimiz viyananin `Westbahnhof`ve U3 ile U6 metro hatlar\u0131n\u0131n kesi\u015fti\u011fi istastasyona y\u00fcr\u00fcme 5 dakika uzakliktadir. Sehir merkezinin \u00f6nemli mekanlarina (Aziz Stephen ve \u00e7evresi \u2013 K\u00e4rntner Stra\u00dfe, Museumsqaurtier) toplu ta\u015f\u0131ma ara\u00e7lar\u0131yla 5 dakikada ulasabilirsin. Y\u00fcr\u00fcme sadece 16 dakikalik bir mesafeyle \u00fcnl\u00fc mekanlara ula\u015fabilirsin (Belediye Sarayi, Cumhurba\u015fkanl\u0131\u011f\u0131 Sarayi, Parlamento). Hostelimizin bulundu\u011fu konzumundan dolayi ak\u015fam gezmek isteyenler i\u00e7inde b\u00fcy\u00fck avantajlar sa\u011flar (yak\u0131n\u0131m\u0131zda bar ve e\u011flence mekanlar\u0131 bulunmaktad\u0131r). Hostelimiz Viyana`n\u0131n al\u0131\u015fveri\u015f soka\u011f\u0131 olan `Mariahilferstra\u00dfe`sine sadece bir ka\u00e7 ad\u0131m uzakl\u0131\u011f\u0131ndad\u0131r. Soru ve yard\u0131ma ihtiyacin olursa, personelimiz sana her zaman yard\u0131mc\u0131 olacakt\u0131r.<\/p>\n<h3>ODALAR:<\/h3>\n<p>&#8211; Makul fiyatlarla karma yurtlarda<br \/>\n&#8211; Odalarda ve hostelimizde sigara i\u00e7ilmesi yasakt\u0131r<br \/>\n&#8211; Hostelimizde 2, 4-6,7- 8 ve 10-11 yatakli odalar bulunmaktad\u0131r<br \/>\n&#8211; Bizim 11 yatak odas\u0131 \u00f6zel uyku alanlarda kadar ikiye b\u00f6l\u00fcnm\u00fc\u015f durumda<br \/>\nT\u00dcM ODALAR STANDART`DIR:<br \/>\n&#8211; Du\u015f ve tuvalet<br \/>\n&#8211; Ranzalar<br \/>\n&#8211; Rahat yataklar, yast\u0131klar ve battaniyeler<br \/>\n&#8211; Yang\u0131n alarm sistemi<br \/>\n&#8211; Kilitlenebilir dolap<\/p>\n<p>EKIPMAN:<br \/>\n<span style=\"color: #ffffff;\">&#8211; Resepsiyonumuz 24 saat a\u00e7\u0131kt\u0131r ve \u00e7ok dilli bir ekiple \u00e7al\u0131\u015fmaktay\u0131z<\/span><br \/>\n<span style=\"color: #ffffff;\"> &#8211; Rahat ortaml\u0131 kahvalt\u0131 salonu (7:00-10:00)<\/span><\/p>\n<p><span class=\"tlid-translation translation\" lang=\"tr\"><span class=\"\" title=\"\">&#8211; Sizi dost canl\u0131s\u0131, uluslararas\u0131 ve<\/span><br \/>\n<span class=\"\" title=\"\">\u00e7ok dilli ekip.<\/span><br \/>\n<span class=\"\" title=\"\">&#8211; Rahat kahvalt\u0131 salonu (kahvalt\u0131 20 veya daha fazla ki\u015filik gruplar i\u00e7in servis edilir)<\/span><\/span><br \/>\n&#8211; Hostelimize ayit \u00f6zel bah\u00e7e<br \/>\n&#8211; Rahat kanepeler, internet ve tv`li oturma odas\u0131<br \/>\n&#8211; Buzdolab\u0131, mikrodalga f\u0131r\u0131n\u0131, su \u0131s\u0131t\u0131c\u0131s\u0131 ve ayriyeten<\/p>\n<h3>EKSTRALAR:<\/h3>\n<p>&#8211; Resepsiyonda \u00fccretsiz \u015fehir haritalar\u0131<br \/>\n&#8211; \u00dccretsiz bagaj depolama<br \/>\n&#8211; \u00c7ama\u015f\u0131r ve kurutma makinesi<br \/>\n&#8211; \u00dccretsiz bisiklet park alan\u0131<br \/>\n&#8211; \u00dccretli otopark<br \/>\n&#8211; I\u00e7e\u00e7ek otomat\u0131<br \/>\n&#8211; \u00dccretli telefon<br \/>\n&#8211; \u00dccretsiz wifi<br \/>\n&#8211; \u00dct\u00fc \/ \u00fct\u00fc masas\u0131, sa\u00e7 kurutma makinesi, alarml\u0131 saat<br \/>\n&#8211; Havlu (temizlik \u00fccreti 2,- EUR)<br \/>\n&#8211; Lang\u0131rt<\/p>\n<h3>\u00d6NEML\u0130 B\u0130LG\u0130LER:<\/h3>\n<p><span style=\"color: #ffffff;\">&#8211; Pansiyonumuz 24 saat a\u00e7\u0131k<\/span><br \/>\n<span style=\"color: #ffffff;\"> &#8211; Hi\u00e7bir soka\u011fa \u00e7\u0131kma yasa\u011f\u0131, hay\u0131r lokavt<\/span><\/p>\n<p><span class=\"tlid-translation translation\" lang=\"tr\"><span class=\"\" title=\"\">&#8211; L\u00fctfen resepsiyonun \u00e7al\u0131\u015fma saatlerine dikkat edin.<\/span><\/span><br \/>\n&#8211; Check-in \u00f6\u011flen saat 3:00`den sonra<br \/>\n&#8211; Check-out sabah saat 10:30 &#8216;a kadar<br \/>\n&#8211; Sabah saat 10:00\u00b4a kadar uzatma yap\u0131labilir<br \/>\n&#8211; \u00d6deme var\u0131\u015fta sadece nakit olarak yap\u0131lmaktad\u0131r<br \/>\n&#8211; Evcil hayvan yasakt\u0131r<\/p>\n<p>\u00d6nemli not:<\/p>\n<p>Rezervasyonunu iptal etmek istersen var\u0131\u015f g\u00fcn\u00fcnden bir g\u00fcn \u00f6ncesinde saat 08:00`i ge\u00e7meme suretiyle kabul ediyoruz. Bunun d\u0131\u015f\u0131nda kredi kart\u0131nda belirtilen \u00fccreti kart\u0131ndan \u00e7ekece\u011fiz.<\/p>\n<p>Aziz Stephen Katedrali: 30 dakika y\u00fcr\u00fcy\u00fc\u015f, veya U3 ile 7 dakikada.<\/p>\n<p>Viyana Central Station (Schloss Belvedere) tramvay 18 ile 13 dakika<\/p>\n<h3><\/h3>\n<h3><strong>Hello in Viyana hosteli @ Westend City!<\/strong><\/h3>\n<p>F\u00fcgergasse 3<br \/>\n1060 Wien \/ Vienna<br \/>\nAustria<\/p>\n<p>Phone: +43-1-597 6729<br \/>\nFax: +43-1-597 6729-27<br \/>\nE-Mail: <a href=\"mailto:info@westendhostel.at\">info@westendhostel.at<br \/>\n<\/a>Internet: <a href=\"https:\/\/www.viennahostel.at\/tr\/\" target=\"_blank\" rel=\"noopener noreferrer\">https:\/\/www.viennahostel.at\/<\/a><\/p>\n<h3><\/h3>\n<h3>Mariahilferstrasse \u00fccretsiz Wi-Fi:<\/h3>\n<p>T\u00fcm Mariahilfer Caddesi \u00fczerinde mevcut Genel Wi-Fi wien.at \u00fccretsiz Wi-Fi mevcuttur.<br \/>\nWien.at Kamu WLAN hakk\u0131nda daha fazla bilgi:<\/p>\n<p><a href=\"https:\/\/www.wien.gv.at\/ikt\/egov\/wlan\/\" target=\"_blank\" rel=\"noopener noreferrer\">wien.gv<\/a><\/p>\n<p>&nbsp;<\/p>\n<h4>Film Festivali 2025 Viyana Belediye Meydan\u0131&#8217;nda<\/h4>\n<p>Belediye Binas\u0131 ve Burgtheater&#8217;\u0131n etkileyici fonunun \u00f6n\u00fcnde bir a\u00e7\u0131k hava g\u00f6sterisi: uluslararas\u0131 yiyecek stantlar\u0131 sizi d\u00fcnyan\u0131n d\u00f6rt bir yan\u0131ndan gelen lezzetlerin tad\u0131n\u0131 \u00e7\u0131karmaya davet ediyor. M\u00fczik filmleri do\u011fru atmosferi yarat\u0131r &#8211; rahat bir randevu, i\u015f sonras\u0131 i\u00e7kiler veya rahat bir aile ak\u015fam\u0131 i\u00e7in m\u00fckemmeldir.<br \/>\nTarih: 28.6. &#8211; 31.08.2025<br \/>\nFilm her g\u00fcn ak\u015fam karanl\u0131\u011f\u0131nda ba\u015flar<br \/>\nFiyat: \u00dccretsiz giri\u015f<\/p>\n<p>&nbsp;<\/p>\n<p>&nbsp;<\/p>\n<p>&nbsp;<\/p>\n<p><span style=\"color: #ffffff;\">[\/vc_column_text][\/vc_column][\/vc_row][vc_row][vc_column][vc_column_text]<\/span><\/p>\n<p><span style=\"color: #ffffff;\">[\/vc_column_text][\/vc_column][\/vc_row]<\/span><br \/>\nCopyright, Viyana, 25.03.2026<br \/>\n<span style=\"color: transparent; font-size: xx-small;\"><br \/>\nHostelbookers Wien www.hostelbookers.com\/ Hostelworld Wien www.hostelworld.com\/ Booking.com Vienna www.booking.com\/ trivago.at Vienna tipadvisor Vienna ttps:\/\/www.tripadvisor.at\/<br \/>\nDB Klassenfahrten https:\/\/www.db-gruppen.de\/ Mondial Sch\u00fclergruppen https:\/\/www.mondial-reisen.com\/ Alpetour Gruppenreisen https:\/\/urlaubsreisen.alpetour.de\/Airbnb Wien Flixbus Westbahnhof Wien https:\/\/www.flixbus.de\/ EVR Reisen https:\/\/www.evr-klassenfahrt.de\/<br \/>\n<\/span><\/p>\n<\/div>","protected":false},"excerpt":{"rendered":"<p>[vc_row][vc_column][vc_column_text] Avusturya, Viyana Westend City Hostel`ine ho\u015f geldin! [\/vc_column_text][\/vc_column][\/vc_row][vc_row][vc_column][vc_text_separator title=&#8221;Please choose&#8221;][\/vc_column][\/vc_row] [vc_row] [vc_column width=&#8221;1\/2&#8243;][vc_btn title=&#8221;Individuals up to 8 guests&#8221; color=&#8221;green&#8221; align=&#8221;center&#8221; i_type=&#8221;entypo&#8221; i_icon_entypo=&#8221;entypo-icon entypo-icon-user&#8221; add_icon=&#8221;true&#8221; link=&#8221;url:https%3A%2F%2Fhostels.assd.com%2Fmobile.php%3Fcust%3D001060%26amp%3Blangcrs%3DE%26amp%3Btype%3D020|title:Individuals<span class=\"excerpt-hellip\"> [\u2026]<\/span><\/p>\n","protected":false},"author":1,"featured_media":0,"parent":0,"menu_order":0,"comment_status":"closed","ping_status":"open","template":"","meta":{"footnotes":""},"class_list":["post-929","page","type-page","status-publish","hentry"],"_links":{"self":[{"href":"https:\/\/www.viennahostel.at\/tr\/wp-json\/wp\/v2\/pages\/929","targetHints":{"allow":["GET"]}}],"collection":[{"href":"https:\/\/www.viennahostel.at\/tr\/wp-json\/wp\/v2\/pages"}],"about":[{"href":"https:\/\/www.viennahostel.at\/tr\/wp-json\/wp\/v2\/types\/page"}],"author":[{"embeddable":true,"href":"https:\/\/www.viennahostel.at\/tr\/wp-json\/wp\/v2\/users\/1"}],"replies":[{"embeddable":true,"href":"https:\/\/www.viennahostel.at\/tr\/wp-json\/wp\/v2\/comments?post=929"}],"version-history":[{"count":78,"href":"https:\/\/www.viennahostel.at\/tr\/wp-json\/wp\/v2\/pages\/929\/revisions"}],"predecessor-version":[{"id":7093,"href":"https:\/\/www.viennahostel.at\/tr\/wp-json\/wp\/v2\/pages\/929\/revisions\/7093"}],"wp:attachment":[{"href":"https:\/\/www.viennahostel.at\/tr\/wp-json\/wp\/v2\/media?parent=929"}],"curies":[{"name":"wp","href":"https:\/\/api.w.org\/{rel}","templated":true}]}}