{"id":928,"date":"2013-02-21T13:00:26","date_gmt":"2013-02-21T13:00:26","guid":{"rendered":"https:\/\/www.viennahostel.at\/home-2\/"},"modified":"2026-03-25T16:06:57","modified_gmt":"2026-03-25T15:06:57","slug":"home","status":"publish","type":"page","link":"https:\/\/www.viennahostel.at\/pl\/","title":{"rendered":"Home"},"content":{"rendered":"<div class=\"wpb-content-wrapper\"><p>[vc_row][vc_column][vc_column_text]<\/p>\n<h2><strong>Witamy w Westend City Hostel Vienna, Austria!<\/strong><\/h2>\n<p>[\/vc_column_text][\/vc_column][\/vc_row][vc_row][vc_column][vc_text_separator title=&#8221;Please choose&#8221;][\/vc_column][\/vc_row]<\/p>\n<p>[vc_row]<br \/>\n[vc_column width=&#8221;1\/2&#8243;][vc_btn title=&#8221;Individuals up to 8 guests&#8221; color=&#8221;green&#8221; align=&#8221;center&#8221; i_type=&#8221;entypo&#8221; i_icon_entypo=&#8221;entypo-icon entypo-icon-user&#8221; add_icon=&#8221;true&#8221; link=&#8221;url:https%3A%2F%2Fhostels.assd.com%2Fmobile.php%3Fcust%3D001060%26amp%3Blangcrs%3DE%26amp%3Btype%3D020|title:Individuals up to 8 guests|target:%20_blank|&#8221;]<\/p>\n<p>[\/vc_column]<\/p>\n<p>[vc_column width=&#8221;1\/2&#8243;]<\/p>\n<p>[vc_btn title=&#8221;Groups&#8221; color=&#8221;primary&#8221; align=&#8221;center&#8221; i_type=&#8221;entypo&#8221; i_icon_entypo=&#8221;entypo-icon entypo-icon-user-add&#8221; add_icon=&#8221;true&#8221; link=&#8221;url:https%3A%2F%2Fwww.viennahostel.at%2Fpl%2Fbookingforgroups%2F|title:Groups|target:%20_blank|&#8221;]<\/p>\n<p>[\/vc_column][\/vc_row]<\/p>\n<p>[vc_row][vc_column]<br \/>\n[vc_btn title=&#8221;Monthly stays&#8221; color=&#8221;warning&#8221; align=&#8221;center&#8221; i_type=&#8221;entypo&#8221; i_icon_entypo=&#8221;entypo-icon entypo-icon-user-add&#8221; add_icon=&#8221;true&#8221; link=&#8221;url:https%3A%2F%2Fwww.viennahostel.at%2Fpl%2FMonthlystays%2F|title:Monthly stays|target:%20_blank|&#8221;]<br \/>\n[\/vc_column][\/vc_row]<\/p>\n<p>Schronisko m\u0142odzie\u017cowe, Wiede\u0144, Austria<\/p>\n<p>DARMOWA PO\u015aCIEL, DARMOWE WIFI &#8211; po\u0142o\u017cony w centrum hostel znajduj\u0105cy si\u0119 obok g\u0142\u00f3wnego dworca &#8222;Westbahnhof&#8221; i na przeci\u0119ciu dw\u00f3ch linii metra (U3 i U6) oraz pi\u0119ciu linii tramwajowych.<\/p>\n<h2>Informacje na temat <strong>Westend City Hostel<\/strong><\/h2>\n<p>Dla ka\u017cdego, kto szuka zakwaterowania w bliskiej odleg\u0142o\u015bci od centrum miasta oraz w miejscu, do kt\u00f3rego mo\u017cna \u0142atwo trafi\u0107, jeste\u015bmy idealnym miejscem.<\/p>\n<p>Westend City Hostel jest hostelem prowadzonym przez rodzin\u0119 i oferuje pokoje jednoosobowe, dwuosobowe, rodzinne, apartamenty z kuchni\u0105, a ostatnio tak\u017ce pokoje na pobyty miesi\u0119czne. Jeste\u015bmy \u0142atwo dost\u0119pni komunikacj\u0105 miejsk\u0105 i samochodem. Naszym go\u015bciom oferujemy r\u00f3wnie\u017c zni\u017ckowe bilety gara\u017cowe APCOA oraz parking dla rower\u00f3w na dziedzi\u0144cu.<\/p>\n<p>Mariahilfer Strasse, Westbahnhof, Restauracja XXX-Lutz (a tak\u017ce wiele innych piekarni i restauracji \u015bniadaniowych) oraz Gara\u017c Apcoa znajduj\u0105 si\u0119 w bezpo\u015brednim s\u0105siedztwie Westend City Hostel.<\/p>\n<p>Znajdujemy si\u0119 obok \u201cWestbahnhof\u201d na skrzy\u017cowaniu dw\u00f3ch linii metra (U3, U6), kt\u00f3re zabior\u0105 ci\u0119 do centrum miasta w ci\u0105gu 5 minut. Miejsca takie jak Katedra \u015aw. Szczepana, ratusz, dzielnica muze\u00f3w, parlament, pa\u0142ac imperialny, zoo, Hundertwasserhaus i inne atrakcje znajduj\u0105 si\u0119 14 minut od hotelu id\u0105c pieszo lub poruszaj\u0105c si\u0119 transportem publicznym.<\/p>\n<p>Nasza obs\u0142uga jest zawsze gotowa udzieli\u0107 go\u015bciom cennych informacji na temat wa\u017cnych miejsc w Wiedniu. Ulica z licznymi pubami i klubami znajduje si\u0119 w pieszej odleg\u0142o\u015bci od hostelu. R\u00f3wnie\u017c najwi\u0119ksza ulica handlowa \u201cMariahilferstra\u00dfe\u201d znajduje si\u0119 kilka krok\u00f3w od nas.<\/p>\n<p>Wyposa\u017cenie:<\/p>\n<p><span style=\"color: #ffffff;\">&#8211; 24-godzinna recepcja z przyjazn\u0105 wieloj\u0119zyczn\u0105 obs\u0142ug\u0105.<\/span><br \/>\n<span style=\"color: #ffffff;\"> &#8211; Wygodne pomieszczenie \u015bniadaniowe (czynne od 7:00 do 10:00)<\/span><\/p>\n<p>-recepcja z przyjazn\u0105 wieloj\u0119zyczn\u0105 obs\u0142ug\u0105.<br \/>\n&#8211; Komfortowa sala \u015bniadaniowa (\u015bniadanie jest serwowane dla grup powy\u017cej 20 os\u00f3b)<br \/>\n&#8211; Prosz\u0119 zwr\u00f3ci\u0107 uwag\u0119 na godziny otwarcia recepcji<br \/>\n&#8211; Zielony ogr\u00f3d wewn\u0119trzny ze sto\u0142ami i krzes\u0142ami<br \/>\n&#8211; Pomieszczenie wsp\u00f3lne z wygodnymi kanapami, internetem i telewizj\u0105 satelitarn\u0105<br \/>\n&#8211; Lod\u00f3wka, mikrofal\u00f3wka, toster, czajnik, sztu\u0107ce, naczynia oraz szklanki<br \/>\n&#8211; Bezp\u0142atne mapy miasta na recepcji<br \/>\n&#8211; Bezp\u0142atna przechowalnia baga\u017cu<br \/>\n&#8211; Pralka i suszarka<br \/>\n&#8211; Bezp\u0142atne miejsce na rowery<br \/>\n&#8211; Parking<br \/>\n&#8211; Automat z napojami<br \/>\n&#8211; Telefon p\u0142atny<br \/>\n&#8211; Bezp\u0142atne wifi<br \/>\n&#8211; \u017belazko\/deska do prasowania, suszarka, budzik<br \/>\n&#8211; R\u0119czniki<br \/>\n&#8211; Pi\u0142karzyki<\/p>\n<p>&#8211; Prosz\u0119 zwr\u00f3ci\u0107 uwag\u0119 na godziny otwarcia recepcji<br \/>\n<span style=\"color: #ffffff;\">&#8211; Hotel czynny ca\u0142\u0105 dob\u0119<\/span><br \/>\n<span style=\"color: #ffffff;\"> &#8211; Ca\u0142odobowy dost\u0119p do obiektu i pokoi<\/span><\/p>\n<p>Cekamy na ciebie w Westend City Hostel!<\/p>\n<h3>Informacja nt. zakwaterowania<\/h3>\n<p>Mamy wiele mieszanych akademik\u00f3w z rozs\u0105dnych cenach. Oferujemy 2, 4-6, 8 i 10-11 \u0142\u00f3\u017cko-pokojowe. Wszystkie pokoje s\u0105 dla niepal\u0105cych.<\/p>\n<p>Wszystkie pokoje wyposa\u017cone s\u0105 w:<\/p>\n<p>&#8211; Prysznic i WC<br \/>\n&#8211; \u0141\u00f3\u017cka pi\u0119trowe<br \/>\n&#8211; Przytulne materace, poduszki i koce<br \/>\n&#8211; Wolne szafki<br \/>\n&#8211; System sygnalizacji po\u017caru<\/p>\n<p>Jak mog\u0119 dosta\u0107 si\u0119 z hostelu do katedry \u015awi\u0119tego Szczepana: 30 minut pieszo przez Mariahilferstrasse lub 7 minut z U3.<\/p>\n<h3><strong>Hello in Vienna Hostel @ Westend City!<\/strong><\/h3>\n<p>F\u00fcgergasse 3<br \/>\n1060 Wien \/ Vienna<br \/>\nAustria<\/p>\n<p>Phone: +43-1-597 6729<br \/>\nFax: +43-1-597 6729-27<br \/>\nE-Mail: <a href=\"mailto:info@westendhostel.at\">info@westendhostel.at<br \/>\n<\/a>Internet: <a href=\"https:\/\/www.viennahostel.at\/pl\/\" target=\"_blank\" rel=\"noopener noreferrer\">https:\/\/www.viennahostel.at\/<\/a><\/p>\n<p>&nbsp;<\/p>\n<p>&nbsp;<\/p>\n<p>&nbsp;<\/p>\n<p>&nbsp;<\/p>\n<p>&nbsp;<\/p>\n<p>&nbsp;<\/p>\n<p>&nbsp;<\/p>\n<p>Copyright, Vienna, 25.03.2026<\/p>\n<p>&nbsp;<\/p>\n<p>&nbsp;<\/p>\n<p>&nbsp;<\/p>\n<p><span style=\"color: #ffffff;\">Schronisko m\u0142odzie\u017cowe Wiede\u0144, schronisko m\u0142odzie\u017cowe Wiede\u0144, stowarzyszenie schronisk m\u0142odzie\u017cowych, tydzie\u0144 w Wiedniu, wycieczka klasowa, schronisko w Wiedniu, schronisko w Wiedniu, pok\u00f3j rodzinny, podr\u00f3\u017c dla kobiet, podr\u00f3\u017c dla singli, wycieczki miejskie, podr\u00f3\u017ce grupowe, podr\u00f3\u017ce poci\u0105giem, podr\u00f3\u017ce autobusem, wycieczki szkolne, podr\u00f3\u017ce studenckie;<\/span><br \/>\n<span style=\"color: #ffffff;\">podr\u00f3\u017ce dla emeryt\u00f3w, tanie podr\u00f3\u017ce, hotel, dworzec zachodni, dworzec g\u0142\u00f3wny, podr\u00f3\u017ce lotnicze<\/span><\/p>\n<p>&nbsp;<\/p>\n<p><span style=\"color: transparent; font-size: xx-small;\"><br \/>\nHostelbookers Wien www.hostelbookers.com\/ Hostelworld Wien www.hostelworld.com\/ Booking.com Vienna www.booking.com\/ trivago.at Vienna tipadvisor Vienna ttps:\/\/www.tripadvisor.at\/<br \/>\nDB Klassenfahrten https:\/\/www.db-gruppen.de\/ Mondial Sch\u00fclergruppen https:\/\/www.mondial-reisen.com\/ Alpetour Gruppenreisen https:\/\/urlaubsreisen.alpetour.de\/Airbnb Wien Flixbus Westbahnhof Wien https:\/\/www.flixbus.de\/ EVR Reisen https:\/\/www.evr-klassenfahrt.de\/<br \/>\n<\/span><\/p>\n<\/div>","protected":false},"excerpt":{"rendered":"<p>[vc_row][vc_column][vc_column_text] Witamy w Westend City Hostel Vienna, Austria! [\/vc_column_text][\/vc_column][\/vc_row][vc_row][vc_column][vc_text_separator title=&#8221;Please choose&#8221;][\/vc_column][\/vc_row] [vc_row] [vc_column width=&#8221;1\/2&#8243;][vc_btn title=&#8221;Individuals up to 8 guests&#8221; color=&#8221;green&#8221; align=&#8221;center&#8221; i_type=&#8221;entypo&#8221; i_icon_entypo=&#8221;entypo-icon entypo-icon-user&#8221; add_icon=&#8221;true&#8221; link=&#8221;url:https%3A%2F%2Fhostels.assd.com%2Fmobile.php%3Fcust%3D001060%26amp%3Blangcrs%3DE%26amp%3Btype%3D020|title:Individuals<span class=\"excerpt-hellip\"> [\u2026]<\/span><\/p>\n","protected":false},"author":1,"featured_media":0,"parent":0,"menu_order":0,"comment_status":"closed","ping_status":"open","template":"","meta":{"footnotes":""},"class_list":["post-928","page","type-page","status-publish","hentry"],"_links":{"self":[{"href":"https:\/\/www.viennahostel.at\/pl\/wp-json\/wp\/v2\/pages\/928","targetHints":{"allow":["GET"]}}],"collection":[{"href":"https:\/\/www.viennahostel.at\/pl\/wp-json\/wp\/v2\/pages"}],"about":[{"href":"https:\/\/www.viennahostel.at\/pl\/wp-json\/wp\/v2\/types\/page"}],"author":[{"embeddable":true,"href":"https:\/\/www.viennahostel.at\/pl\/wp-json\/wp\/v2\/users\/1"}],"replies":[{"embeddable":true,"href":"https:\/\/www.viennahostel.at\/pl\/wp-json\/wp\/v2\/comments?post=928"}],"version-history":[{"count":95,"href":"https:\/\/www.viennahostel.at\/pl\/wp-json\/wp\/v2\/pages\/928\/revisions"}],"predecessor-version":[{"id":7091,"href":"https:\/\/www.viennahostel.at\/pl\/wp-json\/wp\/v2\/pages\/928\/revisions\/7091"}],"wp:attachment":[{"href":"https:\/\/www.viennahostel.at\/pl\/wp-json\/wp\/v2\/media?parent=928"}],"curies":[{"name":"wp","href":"https:\/\/api.w.org\/{rel}","templated":true}]}}