{"id":7,"date":"2013-02-21T13:00:26","date_gmt":"2013-02-21T13:00:26","guid":{"rendered":"https:\/\/www.viennahostel.at?page_id=7"},"modified":"2026-03-25T16:06:18","modified_gmt":"2026-03-25T15:06:18","slug":"home","status":"publish","type":"page","link":"https:\/\/www.viennahostel.at\/it\/","title":{"rendered":"Home"},"content":{"rendered":"<div class=\"wpb-content-wrapper\"><p>[vc_row][vc_column][vc_column_text]<\/p>\n<h2><strong>Benvenuti a Westend City Hostel Vienna, Austria!<\/strong><\/h2>\n<p>[\/vc_column_text][\/vc_column][\/vc_row][vc_row][vc_column][vc_text_separator title=&#8221;Please choose&#8221;][\/vc_column][\/vc_row]<\/p>\n<p>[vc_row]<br \/>\n[vc_column width=&#8221;1\/2&#8243;][vc_btn title=&#8221;Individuals up to 8 guests&#8221; color=&#8221;green&#8221; align=&#8221;center&#8221; i_type=&#8221;entypo&#8221; i_icon_entypo=&#8221;entypo-icon entypo-icon-user&#8221; add_icon=&#8221;true&#8221; link=&#8221;url:https%3A%2F%2Fhostels.assd.com%2Fmobile.php%3Fcust%3D001060%26amp%3Blangcrs%3DE%26amp%3Btype%3D020|title:Individuals up to 8 guests|target:%20_blank|&#8221;]<\/p>\n<p>[\/vc_column]<\/p>\n<p>[vc_column width=&#8221;1\/2&#8243;]<\/p>\n<p>[vc_btn title=&#8221;Groups&#8221; color=&#8221;primary&#8221; align=&#8221;center&#8221; i_type=&#8221;entypo&#8221; i_icon_entypo=&#8221;entypo-icon entypo-icon-user-add&#8221; add_icon=&#8221;true&#8221; link=&#8221;url:https%3A%2F%2Fwww.viennahostel.at%2Fit%2Fbookingforgroups%2F|title:Groups|target:%20_blank|&#8221;]<\/p>\n<p>[\/vc_column][\/vc_row]<\/p>\n<p>[vc_row][vc_column]<br \/>\n[vc_btn title=&#8221;Monthly stays&#8221; color=&#8221;warning&#8221; align=&#8221;center&#8221; i_type=&#8221;entypo&#8221; i_icon_entypo=&#8221;entypo-icon entypo-icon-user-add&#8221; add_icon=&#8221;true&#8221; link=&#8221;url:https%3A%2F%2Fwww.viennahostel.at%2Fit%2FMonthlystays%2F|title:Monthly stays|target:%20_blank|&#8221;]<br \/>\n[\/vc_column][\/vc_row]<\/p>\n<p>Siamo un ostello situato in posizione centrale accanto alla stazione ferroviaria principale di Vienna &#8220;Westbahnhof&#8221; e l&#8217;intersezione di due linee della metropolitana (U3, U6) e cinque linee di tram. Offriamo ai nostri ospiti biancheria da letto e connessione WI-FI accesso ad internet.<\/p>\n<p>Il Westend City Hostel \u00e8 un ostello a conduzione familiare e offre camere singole, doppie, familiari, appartamenti con cucina e recentemente anche camere per soggiorni mensili. Siamo facilmente raggiungibili con i mezzi pubblici e in auto. Offriamo ai nostri ospiti anche biglietti scontati per il garage APCOA e parcheggio per biciclette nel cortile.<\/p>\n<p>Mariahilfer Strasse, Westbahnhof, il ristorante XXX-Lutz (cos\u00ec come numerose altre pasticcerie e ristoranti) e il Garage Apcoa si trovano nelle immediate vicinanze del Westend City Hostel.<\/p>\n<p>Per chi cerca la vicinanza al centro della citt\u00e0 e un semplice arrivo siamo il luogo ideale dove soggiornare.<\/p>\n<h3>Riguardo <strong>Westend<\/strong><strong> City<\/strong><strong> Hostel<\/strong><\/h3>\n<p>L\u2019 ostello si trova direttamente sulla \u201cMariahilferstrasse\u201d, la principale strada commerciale della citta. Le maggiori attrazioni turistiche come Duomo, Museumsquartier, Municipio, Opera, Hundertwasserhaus, Zoo etc. Si trovano tutte a circa 15 minuti di distanza alcune raggiungibili in 20 minuti a piedi. <span style=\"text-decoration: line-through;\"><br \/>\n<\/span><\/p>\n<h3><b>Strutture e servizi: <\/b><\/h3>\n<p><span style=\"color: #ffffff;\">reception 24 ore su 24 con personale multilingue<\/span><\/p>\n<p>-Accoglienza con personale internazionale e multilingue<br \/>\n<span style=\"color: #ffffff;\">-Sala colazione comodo (aperto 07:00 alle 10:00 am)<\/span><\/p>\n<p>-Confortevole sala colazione (la colazione viene servita per gruppi di 20 o pi\u00f9 persone)<\/p>\n<p>&#8211; Gardino interno con taudli e sedie.<br \/>\n-Sala comune con accoglienti divani, internet e TV satellitare<br \/>\n-Frigorifero, forno a microonde, tostapane, bollitore d&#8217;acqua, posate, piatti, bicchieri<br \/>\n-Mappe citt\u00e0 libera alla reception<br \/>\n-Bagagli free<br \/>\n-Lavatrice e asciugatrice<br \/>\n-Area di parcheggio gratuito di biciclette<br \/>\n-Parcheggio<br \/>\n-Dispenser di bevanda automatic<br \/>\n-Connessione Internet Wi-Fi<br \/>\n-Consiglio ferro da stiro, asciugacapelli e sveglia<br \/>\n-asciugamani \u20ac4,00<br \/>\n-Calcio balilla<\/p>\n<p>-Si prega di notare gli orari di apertura della reception<\/p>\n<p><span style=\"color: #ffffff;\">-Ostello \u00e8 aperto 24 ore al giorno &#8211; nessun coprifuoco, nessun blocco<\/span><\/p>\n<p>Saremo lieti di darvi il benvenuto a Westend City Hostel!<\/p>\n<h3>Informazioni alloggio<\/h3>\n<p>Abbiamo dormitori misti con prezzi ragionevoli.<\/p>\n<p>Su richiesta offriamo anche stanze per sole donne o uomini.<\/p>\n<p>Offriamo 2, 4-6, 8 e 10-11 camere da letto. Tutte le camere sono non fumatori.<\/p>\n<p>Tutte le camere sono dotate di:<\/p>\n<p>&#8211; Doccia e WC<br \/>\n&#8211; Letti a castello<br \/>\n&#8211; Accoglienti materassi, cuscini e coperte<br \/>\n&#8211; Armadietti gratuiti<br \/>\n&#8211; Sistema di allarme antincendio<\/p>\n<p>In caso di cancellazione della prenotazione questa deve prevenire al nostro recapito e-mail entro le 8:00 del giorno prima dell\u2019 arrivo previsto. Nel caso non pervenisse la cancellazione verra addebitato l\u2019 importo per la prima notte sulla vostra carta di credito.<\/p>\n<p>Come faccio ad avere dall&#8217;ostello alla Cattedrale di Santo Stefano: 30 minuti a piedi attraverso il Mariahilferstrasse o 7 minuti con U3.<\/p>\n<h3><strong>Hello in Vienna ostello @ Westend City!<\/strong><\/h3>\n<p>F\u00fcgergasse 3<br \/>\n1060 Wien \/ Vienna<br \/>\nAustria<\/p>\n<p>Phone: +43-1-597 6729<br \/>\nFax: +43-1-597 6729-27<br \/>\nE-Mail: <a href=\"mailto:info@westendhostel.at\">info@westendhostel.at<br \/>\n<\/a>Internet: <a href=\"https:\/\/www.viennahostel.at\/it\/\" target=\"_blank\" rel=\"noopener noreferrer\">www.viennahostel.at<\/a><\/p>\n<h3>La connessione Wi-Fi nella Mariahilfestra\u00dfe:<\/h3>\n<p>Su tutta la Mariahilferstreet la connessione Wi-Fi da wien.at Public WLAN.<br \/>\nMaggiori informazioni su wien.at WLAN pubblici:<\/p>\n<p><a href=\"https:\/\/www.wien.gv.at\/ikt\/egov\/wlan\/\" target=\"_blank\" rel=\"noopener noreferrer\">wlan<\/a><\/p>\n<h5>Film Festival 2025 sur la place de l&#8217;h\u00f4tel de ville de Vienne<\/h5>\n<p>Un spectacle en plein air devant le d\u00e9cor impressionnant de l&#8217;h\u00f4tel de ville et du Burgtheater : des stands gastronomiques internationaux invitent \u00e0 d\u00e9guster des d\u00e9lices culinaires du monde entier. Des films musicaux assurent l&#8217;ambiance ad\u00e9quate &#8211; parfait pour un rendez-vous d\u00e9contract\u00e9, des afterworks ou une agr\u00e9able soir\u00e9e en famille.<\/p>\n<p>Dates : du 28.6. au 31.08.2025<\/p>\n<p>D\u00e9but du film tous les jours \u00e0 la tomb\u00e9e de la nuit<\/p>\n<p>Prix : entr\u00e9e gratuite<\/p>\n<p>&nbsp;<\/p>\n<p>&nbsp;<\/p>\n<p>&nbsp;<\/p>\n<p>&nbsp;<\/p>\n<p>Copyright, Vienna, 25.03.2026<\/p>\n<p><span style=\"color: #ffffff;\">Ostello della giovent\u00f9 Vienna, ostello della giovent\u00f9 Vienna, associazione ostello della giovent\u00f9, settimana Vienna, viaggio di classe, ostello Vienna, ostello Vienna, camera familiare, viaggi per donne, viaggi per single, viaggi in citt\u00e0, viaggi di gruppo, viaggi in treno, viaggi in autobus, viaggi scolastici, viaggi per studenti;<\/span><br \/>\n<span style=\"color: #ffffff;\">viaggio per pensionati, viaggio economico, hotel, stazione ovest, stazione principale, viaggio aereo<\/span><\/p>\n<p>&nbsp;<\/p>\n<p>&nbsp;<\/p>\n<p>&nbsp;<\/p>\n<p><span style=\"color: transparent; font-size: xx-small;\"><br \/>\nHostelbookers Wien www.hostelbookers.com\/ Hostelworld Wien www.hostelworld.com\/ Booking.com Vienna www.booking.com\/ trivago.at Vienna tipadvisor Vienna ttps:\/\/www.tripadvisor.at\/<br \/>\nDB Klassenfahrten https:\/\/www.db-gruppen.de\/ Mondial Sch\u00fclergruppen https:\/\/www.mondial-reisen.com\/ Alpetour Gruppenreisen https:\/\/urlaubsreisen.alpetour.de\/Airbnb Wien Flixbus Westbahnhof Wien https:\/\/www.flixbus.de\/ EVR Reisen https:\/\/www.evr-klassenfahrt.de\/<br \/>\n<\/span><\/p>\n<\/div>","protected":false},"excerpt":{"rendered":"<p>[vc_row][vc_column][vc_column_text] Benvenuti a Westend City Hostel Vienna, Austria! [\/vc_column_text][\/vc_column][\/vc_row][vc_row][vc_column][vc_text_separator title=&#8221;Please choose&#8221;][\/vc_column][\/vc_row] [vc_row] [vc_column width=&#8221;1\/2&#8243;][vc_btn title=&#8221;Individuals up to 8 guests&#8221; color=&#8221;green&#8221; align=&#8221;center&#8221; i_type=&#8221;entypo&#8221; i_icon_entypo=&#8221;entypo-icon entypo-icon-user&#8221; add_icon=&#8221;true&#8221; link=&#8221;url:https%3A%2F%2Fhostels.assd.com%2Fmobile.php%3Fcust%3D001060%26amp%3Blangcrs%3DE%26amp%3Btype%3D020|title:Individuals<span class=\"excerpt-hellip\"> [\u2026]<\/span><\/p>\n","protected":false},"author":1,"featured_media":0,"parent":0,"menu_order":0,"comment_status":"closed","ping_status":"open","template":"","meta":{"footnotes":""},"class_list":["post-7","page","type-page","status-publish","hentry"],"_links":{"self":[{"href":"https:\/\/www.viennahostel.at\/it\/wp-json\/wp\/v2\/pages\/7","targetHints":{"allow":["GET"]}}],"collection":[{"href":"https:\/\/www.viennahostel.at\/it\/wp-json\/wp\/v2\/pages"}],"about":[{"href":"https:\/\/www.viennahostel.at\/it\/wp-json\/wp\/v2\/types\/page"}],"author":[{"embeddable":true,"href":"https:\/\/www.viennahostel.at\/it\/wp-json\/wp\/v2\/users\/1"}],"replies":[{"embeddable":true,"href":"https:\/\/www.viennahostel.at\/it\/wp-json\/wp\/v2\/comments?post=7"}],"version-history":[{"count":116,"href":"https:\/\/www.viennahostel.at\/it\/wp-json\/wp\/v2\/pages\/7\/revisions"}],"predecessor-version":[{"id":7090,"href":"https:\/\/www.viennahostel.at\/it\/wp-json\/wp\/v2\/pages\/7\/revisions\/7090"}],"wp:attachment":[{"href":"https:\/\/www.viennahostel.at\/it\/wp-json\/wp\/v2\/media?parent=7"}],"curies":[{"name":"wp","href":"https:\/\/api.w.org\/{rel}","templated":true}]}}