{"id":8,"date":"2013-02-21T13:00:26","date_gmt":"2013-02-21T13:00:26","guid":{"rendered":"https:\/\/www.viennahostel.at?page_id=8"},"modified":"2026-03-25T16:07:27","modified_gmt":"2026-03-25T15:07:27","slug":"home","status":"publish","type":"page","link":"https:\/\/www.viennahostel.at\/es\/","title":{"rendered":"Home"},"content":{"rendered":"<div class=\"wpb-content-wrapper\"><p>[vc_row][vc_column][vc_column_text]<\/p>\n<h2><strong>Bienvenido a Westend City Hostel Vienna, Austria!<\/strong><\/h2>\n<p>[\/vc_column_text][\/vc_column][\/vc_row][vc_row][vc_column][vc_text_separator title=\u00bbPlease choose\u00bb][\/vc_column][\/vc_row]<\/p>\n<p>[vc_row]<br \/>\n[vc_column width=\u00bb1\/2&#8243;][vc_btn title=\u00bbIndividuals up to 8 guests\u00bb color=\u00bbgreen\u00bb align=\u00bbcenter\u00bb i_type=\u00bbentypo\u00bb i_icon_entypo=\u00bbentypo-icon entypo-icon-user\u00bb add_icon=\u00bbtrue\u00bb link=\u00bburl:https%3A%2F%2Fhostels.assd.com%2Fmobile.php%3Fcust%3D001060%26amp%3Blangcrs%3DE%26amp%3Btype%3D020|title:Individuals up to 8 guests|target:%20_blank|\u00bb]<\/p>\n<p>[\/vc_column]<\/p>\n<p>[vc_column width=\u00bb1\/2&#8243;]<\/p>\n<p>[vc_btn title=\u00bbGroups\u00bb color=\u00bbprimary\u00bb align=\u00bbcenter\u00bb i_type=\u00bbentypo\u00bb i_icon_entypo=\u00bbentypo-icon entypo-icon-user-add\u00bb add_icon=\u00bbtrue\u00bb link=\u00bburl:https%3A%2F%2Fwww.viennahostel.at%2Fes%2Fbookingforgroups%2F|title:Groups|target:%20_blank|\u00bb]<\/p>\n<p>[\/vc_column][\/vc_row]<\/p>\n<p>[vc_row][vc_column]<br \/>\n[vc_btn title=\u00bbMonthly stays\u00bb color=\u00bbwarning\u00bb align=\u00bbcenter\u00bb i_type=\u00bbentypo\u00bb i_icon_entypo=\u00bbentypo-icon entypo-icon-user-add\u00bb add_icon=\u00bbtrue\u00bb link=\u00bburl:https%3A%2F%2Fwww.viennahostel.at%2Fes%2FMonthlystays%2F|title:Monthly stays|target:%20_blank|\u00bb]<br \/>\n[\/vc_column][\/vc_row]<\/p>\n<p>&nbsp;<\/p>\n<p>&nbsp;<\/p>\n<p>&nbsp;<\/p>\n<p>Albergues juveniles, Viena, Austria<\/p>\n<p>Somos un hostal c\u00e9ntrico situado junto a la estaci\u00f3n de tren principal de Viena, Westbahnhof, y en la intersecci\u00f3n de dos l\u00edneas de metro (U3 y U6) y cinco l\u00edneas de tranv\u00eda. Ofrecemos ropa de cama gratuita y acceso WiFi a Internet gratuito.<\/p>\n<h2>Por favor, elige una habitaci\u00f3n<\/h2>\n<h2>Sobre <strong>Westend City Hostel<\/strong><\/h2>\n<p>El albergue Westend City es un albergue familiar y ofrece habitaciones individuales, dobles, familiares, apartamentos con cocina y recientemente tambi\u00e9n habitaciones para estancias mensuales. Se puede llegar f\u00e1cilmente en transporte p\u00fablico y en coche. Tambi\u00e9n ofrecemos a nuestros hu\u00e9spedes descuentos en las entradas del garaje de APCOA y aparcamiento para bicicletas en el patio.<\/p>\n<p>Mariahilfer Strasse, Westbahnhof, el restaurante XXX-Lutz (as\u00ed como muchas otras panader\u00edas y restaurantes de desayuno) y el garaje de Apcoa se encuentran en las inmediaciones del albergue Westend City.<\/p>\n<p>Para quienes busquen un lugar cerca del centro de la ciudad y f\u00e1cil de encontrar, somos la mejor opci\u00f3n.<\/p>\n<p>Estamos situados junto a la estaci\u00f3n Westbahnhof, en la intersecci\u00f3n de dos l\u00edneas de metro (U3 y U6) desde donde podr\u00e1s llegar al centro de la ciudad en 5 minutos. En 17 minutos podr\u00edas llegar a lugares tan importantes como la Catedral de San Esteban, el ayuntamiento, el barrio de los museos, el palacio imperial, la Hundertwasserhaus, el Zoo y muchos m\u00e1s.<\/p>\n<p>El personal est\u00e1 siempre preparado para ofrecer informaci\u00f3n valiosa acerca de los mejores lugares de Viena. Cerca del hostal hay muchos bares y pubs donde pasarlo bien. Adem\u00e1s, la calle principal de la ciudad, Mariahilferstra\u00dfe, est\u00e1 a pocos pasos.<\/p>\n<p>Instalaciones y servicios:<\/p>\n<p><span style=\"color: #ffffff;\">&#8211; Recepci\u00f3n 24 horas con personal agradable y multiling\u00fce<\/span><\/p>\n<p>-Recepci\u00f3n con personal amable, internacional y multiling\u00fce<\/p>\n<p>&#8211; C\u00f3moda sala de desayuno (el desayuno se sirve para grupos de 20 personas o m\u00e1s)<\/p>\n<p><span style=\"color: #ffffff;\"> &#8211; C\u00f3moda sala de desayunos (abierta de 07:00 a 10:00)<\/span><br \/>\n&#8211; Patio interior con mesas y sillas<br \/>\n&#8211; Sala com\u00fan con c\u00f3modos sof\u00e1s, Internet y televisi\u00f3n por cable<br \/>\n&#8211; Nevera, microondas, tostadora, hervidor de agua, platos, cubiertos, vasos<br \/>\n&#8211; Mapas gratuitos en recepci\u00f3n<br \/>\n&#8211; Consigna de equipaje gratuita<br \/>\n&#8211; Lavadora y secadora<br \/>\n&#8211; Parking gratuito para bicicletas<br \/>\n&#8211; Parking para coches<br \/>\n&#8211; M\u00e1quina de bebidas<br \/>\n&#8211; WiFi gratuito<br \/>\n&#8211; Plancha y tabla de planchar, secador, reloj despertador<br \/>\n&#8211; Toallas<br \/>\n&#8211; Futbol\u00edn<\/p>\n<p>-Tenga en cuenta el horario de apertura de la recepci\u00f3n<br \/>\n<span style=\"color: #ffffff;\">&#8211; Abierto 24 horas<\/span><br \/>\n<span style=\"color: #ffffff;\"> &#8211; No hay toque de queda ni horarios restrictivos<\/span><\/p>\n<p>\u00a1Esperamos darte la bienvenida pronto en el Westend City Hostel!<\/p>\n<h3>Informaci\u00f3n de alojamiento<\/h3>\n<p>Tenemos un n\u00famero de dormitorios mixtos con precios razonables. Ofrecemos 2, 4-6, 8 y 10-11 habitaciones. Todas las habitaciones son no fumadores. Todos habitaciones cuentan con: -ducha y WC -literas -acogedor, colchones, cojines y mantas sistema de alarma contra incendios &#8211; taquillas gratuitas-<\/p>\n<p><!-- [if gte mso 9]><xml>\n<w:WordDocument>\n<w:View>Normal<\/w:View>\n<w:Zoom>0<\/w:Zoom>\n<w:HyphenationZone>21<\/w:HyphenationZone>\n<w:PunctuationKerning\/>\n<w:ValidateAgainstSchemas\/>\n<w:SaveIfXMLInvalid>false<\/w:SaveIfXMLInvalid>\n<w:IgnoreMixedContent>false<\/w:IgnoreMixedContent>\n<w:AlwaysShowPlaceholderText>false<\/w:AlwaysShowPlaceholderText>\n<w:Compatibility>\n<w:BreakWrappedTables\/>\n<w:SnapToGridInCell\/>\n<w:WrapTextWithPunct\/>\n<w:UseAsianBreakRules\/>\n<w:DontGrowAutofit\/>\n<\/w:Compatibility>\n<w:BrowserLevel>MicrosoftInternetExplorer4<\/w:BrowserLevel>\n<\/w:WordDocument>\n<\/xml><![endif]--><\/p>\n<p><!-- [if gte mso 9]><xml>\n<w:LatentStyles DefLockedState=\"false\" LatentStyleCount=\"156\">\n<\/w:LatentStyles>\n<\/xml><![endif]--><!-- [if gte mso 10]>\n\n\n\n<style>\n \/* Style Definitions *\/<br \/>table.MsoNormalTable<br \/>{mso-style-name:\"Normale Tabelle\";<br \/>mso-tstyle-rowband-size:0;<br \/>mso-tstyle-colband-size:0;<br \/>mso-style-noshow:yes;<br \/>mso-style-parent:\"\";<br \/>mso-padding-alt:0cm 5.4pt 0cm 5.4pt;<br \/>mso-para-margin:0cm;<br \/>mso-para-margin-bottom:.0001pt;<br \/>mso-pagination:widow-orphan;<br \/>font-size:10.0pt;<br \/>font-family:\"Times New Roman\";<br \/>mso-ansi-language:#0400;<br \/>mso-fareast-language:#0400;<br \/>mso-bidi-language:#0400;}<br \/><\/style>\n\n<![endif]--><\/p>\n<p><span lang=\"EN-GB\" style=\"font-family: Calibri; mso-ansi-language: EN-GB;\">Dependiente de las reservaciones tambi\u00e9n ofrecemos habitaciones separadas para mujeres y hombres <\/span><\/p>\n<p>C\u00f3mo llego desde el albergue a la catedral de San Esteban: 30 minutos a pie a trav\u00e9s de la Mariahilferstrasse o 7 minutos con U3.<\/p>\n<h3><strong>Hello in viena hostal @ Westend City !<\/strong><\/h3>\n<p>F\u00fcgergasse 3<br \/>\n1060 Wien \/ Vienna<br \/>\nAustria<\/p>\n<p>Phone: +43-1-597 6729<br \/>\nFax: +43-1-597 6729-27<br \/>\nE-Mail: <a href=\"mailto:info@westendhostel.at\">info@westendhostel.at<br \/>\n<\/a>Internet: <a href=\"https:\/\/www.viennahostel.at\/es\/\" target=\"_blank\" rel=\"noopener noreferrer\">https:\/\/www.viennahostel.at\/<\/a><\/p>\n<h3>Wi-Fi en Mariahilferstrasse:<\/h3>\n<p>Por todo el Mariahilfer calle hay conexi\u00f3n Wi-Fi de wien.at P\u00fablica Wi-Fi disponible.<br \/>\nM\u00e1s detalles sobre wien.at WLAN P\u00fablica:<\/p>\n<p><a href=\"https:\/\/www.wien.gv.at\/ikt\/egov\/wlan\/\" target=\"_blank\" rel=\"noopener noreferrer\">wlan<\/a><\/p>\n<h4>Festival de Cine 2025 en la Plaza del Ayuntamiento de Viena<\/h4>\n<p>Un espect\u00e1culo al aire libre con el impresionante tel\u00f3n de fondo del Ayuntamiento y el Burgtheater: puestos de comida internacional le invitan a disfrutar de delicias culinarias de todo el mundo. Las pel\u00edculas musicales crean el ambiente perfecto: ideal para una cita relajada, unas copas despu\u00e9s del trabajo o una acogedora velada familiar.<\/p>\n<p>Fecha: del 28.6. al 31.08.2025<\/p>\n<p>La pel\u00edcula empieza todos los d\u00edas al anochecer<\/p>\n<p>Precio: entrada gratuita<\/p>\n<p>&nbsp;<\/p>\n<p>&nbsp;<\/p>\n<p>Copyright,viena, 25.03.2026<\/p>\n<p><span style=\"color: #ffffff;\">Albergue juvenil de Viena, albergue juvenil de Viena, asociaci\u00f3n de albergues juveniles, semana de Viena, viaje de clase, albergue de Viena, albergue de Viena, habitaci\u00f3n familiar, viajes de mujeres, viajes de solteros, viajes de ciudad, viajes en grupo, viajes en tren, viajes en autob\u00fas, viajes escolares, viajes de estudiantes;<\/span><br \/>\n<span style=\"color: #ffffff;\">viajes para jubilados, viajes baratos, hotel, estaci\u00f3n oeste, estaci\u00f3n principal, viajes en avi\u00f3n<\/span><\/p>\n<p>&nbsp;<\/p>\n<p>&nbsp;<\/p>\n<p><span style=\"color: transparent; font-size: xx-small;\"><br \/>\n<span style=\"color: #ffffff;\">H<\/span><\/span><span style=\"color: #ffffff;\"><span style=\"font-size: xx-small;\">ostelbookers \/ www.hostelbookers.com\/ Hostelworld\/ www.hostelworld.com\/ Booking.com Vienna www.booking.com\/ trivago.at Vienna tipadvisor Vienna ttps:\/\/www.tripadvisor.at\/<\/span><span style=\"font-size: xx-small;\"><br \/>\n<\/span><span style=\"font-size: xx-small;\">DB Klassenfahrten https:\/\/www.db-gruppen.de\/ Mondial Sch\u00fclergruppen https:\/\/www.mondial-reisen.com\/ Alpetour Gruppenreisen https:\/\/urlaubsreisen.alpetour.de\/Airbnb Wien Flixbus Westbahnhof Wien https:\/\/www.flixbus.de\/ EVR Reisen https:\/\/www.evr-klassenfahrt.de\/<\/span><\/span><span style=\"color: transparent; font-size: xx-small;\"><br \/>\n<\/span><\/p>\n<\/div>","protected":false},"excerpt":{"rendered":"<p>[vc_row][vc_column][vc_column_text] Bienvenido a Westend City Hostel Vienna, Austria! [\/vc_column_text][\/vc_column][\/vc_row][vc_row][vc_column][vc_text_separator title=\u00bbPlease choose\u00bb][\/vc_column][\/vc_row] [vc_row] [vc_column width=\u00bb1\/2&#8243;][vc_btn title=\u00bbIndividuals up to 8 guests\u00bb color=\u00bbgreen\u00bb align=\u00bbcenter\u00bb i_type=\u00bbentypo\u00bb i_icon_entypo=\u00bbentypo-icon entypo-icon-user\u00bb add_icon=\u00bbtrue\u00bb link=\u00bburl:https%3A%2F%2Fhostels.assd.com%2Fmobile.php%3Fcust%3D001060%26amp%3Blangcrs%3DE%26amp%3Btype%3D020|title:Individuals<span class=\"excerpt-hellip\"> [\u2026]<\/span><\/p>\n","protected":false},"author":1,"featured_media":0,"parent":0,"menu_order":0,"comment_status":"closed","ping_status":"open","template":"","meta":{"footnotes":""},"class_list":["post-8","page","type-page","status-publish","hentry"],"_links":{"self":[{"href":"https:\/\/www.viennahostel.at\/es\/wp-json\/wp\/v2\/pages\/8","targetHints":{"allow":["GET"]}}],"collection":[{"href":"https:\/\/www.viennahostel.at\/es\/wp-json\/wp\/v2\/pages"}],"about":[{"href":"https:\/\/www.viennahostel.at\/es\/wp-json\/wp\/v2\/types\/page"}],"author":[{"embeddable":true,"href":"https:\/\/www.viennahostel.at\/es\/wp-json\/wp\/v2\/users\/1"}],"replies":[{"embeddable":true,"href":"https:\/\/www.viennahostel.at\/es\/wp-json\/wp\/v2\/comments?post=8"}],"version-history":[{"count":101,"href":"https:\/\/www.viennahostel.at\/es\/wp-json\/wp\/v2\/pages\/8\/revisions"}],"predecessor-version":[{"id":7092,"href":"https:\/\/www.viennahostel.at\/es\/wp-json\/wp\/v2\/pages\/8\/revisions\/7092"}],"wp:attachment":[{"href":"https:\/\/www.viennahostel.at\/es\/wp-json\/wp\/v2\/media?parent=8"}],"curies":[{"name":"wp","href":"https:\/\/api.w.org\/{rel}","templated":true}]}}