{"id":682,"date":"2013-03-25T20:00:32","date_gmt":"2013-03-25T20:00:32","guid":{"rendered":"https:\/\/www.viennahostel.at?page_id=682"},"modified":"2024-10-18T17:00:52","modified_gmt":"2024-10-18T15:00:52","slug":"fragen-zur-buchung","status":"publish","type":"page","link":"https:\/\/www.viennahostel.at\/de\/wien\/fragen-zur-buchung\/","title":{"rendered":"Fragen zur Buchung"},"content":{"rendered":"<h3>Wann kann ich ein und auschecken?<\/h3>\n<p>Checkin Zeit ist ab 15:00.<\/p>\n<p>Kostenfreie Stornierung bis 24 Stunden vor Anreisetag (sp\u00e4testens um 15:00 des Vortages) nur schriftlich m\u00f6glich).<\/p>\n<p>Check-out Zeit ist bis 10:30. Verl\u00e4ngerung der Abreisezeit bis 13:00 Uhr kostet \u20ac5,-.<\/p>\n<h3>Ich habe keine Kreditkarte. Kann ich trotzdem reservieren?<\/h3>\n<p>Eine Buchung ist ausschlie\u00dflich \u00fcber unsere Website und nur mit der Angabe einer g\u00fcltigen Kreditkarte m\u00f6glich. Die Kreditkarte dient uns nur als Sicherstellung der Buchung und wird daher nicht belastet. Wenn Du selber keine Kreditkarte hast, bitten wir Dich \u00fcber einen Freund oder Verwandten zu buchen.<br \/>Telefonische Reservierungen nehmen wir nur einen Tag vor Ankunft entgegen. Das Zimmer wird f\u00fcr Dich bis 18:00 Uhr reserviert. Wenn Du sp\u00e4ter ankommst, musst Du dich bei uns noch am Ankunftstag telefonisch melden und Deine Ankunftszeit bekannt geben.<\/p>\n<h3>Wie erfolgt die Zahlung?<\/h3>\n<p>Die Zahlung erfolgt bar bei Ankunft. Kreditkarten akzeptieren wir leider nicht.<\/p>\n<h3>Wie sehen die Stornobedingungen aus?<\/h3>\n<p>F\u00fcr Einzelreisende ist eine kostenlose Stornierung bis 24h vor Anreise m\u00f6glich , ansonsten m\u00fcssen wir die Kreditkarte mit dem Preis f\u00fcr die erste Nacht belasten.<\/p>\n<h3>Wir sind nur 3 Personen m\u00f6chten aber alleine in einem 4-Bettzimmer sein.<\/h3>\n<p>In diesem Fall m\u00fcsstet ihr das vierte Bett auch zahlen, damit ihr alleine im Zimmer seid.<\/p>\n<h3>Was ist der Unterschied zwischen Kat. A und Kat. B?<\/h3>\n<p>Kategorie A: Es handelt sich dabei um ein 4-Bettzimmer, das als Einzel- bzw. Zweibettzimmer gebucht werden kann (h\u00f6herer Preis)!<br \/>Kategorie B: Das Zimmer ist kleiner als Kat. A und hat ein Fenster zum Lichthof, in dem auch der Aufzug f\u00e4hrt. Dieser wird aber ab 22.00 Uhr abgeschaltet<\/p>\n<h3>Brauche ich einen Jugendherbergsausweis?<\/h3>\n<p>Nein, aber bitte einen g\u00fcltigen Lichtbildausweis mitnehmen, der als Pfand f\u00fcr den Zimmerschl\u00fcssel bei der Rezeption hinterlegt werden muss.<\/p>\n<h3>Muss ich Bettw\u00e4sche und Handt\u00fccher mitbringen?<\/h3>\n<p>Nein, die Bettw\u00e4sche ist im Preis inkludiert und Handt\u00fccher kannst Du an der Rezeption f\u00fcr 6,00 EUR kaufen.<\/p>\n<p><span style=\"color: #ffffff;\">Studio oder Apartment<\/span><\/p>\n\n\n<p><\/p>\n","protected":false},"excerpt":{"rendered":"<p>Wann kann ich ein und auschecken? Checkin Zeit ist ab 15:00. Kostenfreie Stornierung bis 24 Stunden vor Anreisetag (sp\u00e4testens um 15:00 des Vortages) nur schriftlich m\u00f6glich).<span class=\"excerpt-hellip\"> [\u2026]<\/span><\/p>\n","protected":false},"author":1,"featured_media":0,"parent":0,"menu_order":0,"comment_status":"closed","ping_status":"open","template":"","meta":{"footnotes":""},"class_list":["post-682","page","type-page","status-publish","hentry"],"_links":{"self":[{"href":"https:\/\/www.viennahostel.at\/de\/wp-json\/wp\/v2\/pages\/682","targetHints":{"allow":["GET"]}}],"collection":[{"href":"https:\/\/www.viennahostel.at\/de\/wp-json\/wp\/v2\/pages"}],"about":[{"href":"https:\/\/www.viennahostel.at\/de\/wp-json\/wp\/v2\/types\/page"}],"author":[{"embeddable":true,"href":"https:\/\/www.viennahostel.at\/de\/wp-json\/wp\/v2\/users\/1"}],"replies":[{"embeddable":true,"href":"https:\/\/www.viennahostel.at\/de\/wp-json\/wp\/v2\/comments?post=682"}],"version-history":[{"count":7,"href":"https:\/\/www.viennahostel.at\/de\/wp-json\/wp\/v2\/pages\/682\/revisions"}],"predecessor-version":[{"id":6212,"href":"https:\/\/www.viennahostel.at\/de\/wp-json\/wp\/v2\/pages\/682\/revisions\/6212"}],"wp:attachment":[{"href":"https:\/\/www.viennahostel.at\/de\/wp-json\/wp\/v2\/media?parent=682"}],"curies":[{"name":"wp","href":"https:\/\/api.w.org\/{rel}","templated":true}]}}