{"id":578,"date":"2013-03-25T12:44:24","date_gmt":"2013-03-25T12:44:24","guid":{"rendered":"https:\/\/www.viennahostel.at?page_id=578"},"modified":"2019-05-20T00:35:28","modified_gmt":"2019-05-19T22:35:28","slug":"geschichte-des-hauses","status":"publish","type":"page","link":"https:\/\/www.viennahostel.at\/de\/wien\/geschichte-des-hauses\/","title":{"rendered":"Geschichte des Hauses"},"content":{"rendered":"<h2>Geschichte des Hauses<\/h2>\n<p>Das Geb\u00e4ude, das nun das Westend City Hostel beherbergt, schaut auf eine lange Geschichte zur\u00fcck. Erbaut wurde das Haus in der Mitte der 1870iger Jahre im Laufe einer Stadterweiterung auf dem Grundst\u00fcck einer ehemaligen Ziegelfabrik. Anders als die umliegenden Geb\u00e4ude beherbergt das Geb\u00e4ude seit seinem Bestehen ein Hotel. Die N\u00e4he zum Westbahnhof und zur Innenstadt machte das Haus schon vor \u00fcber 140 Jahren zu einer attraktiven Adresse f\u00fcr Reisende aller Art.<\/p>\n<p>&nbsp;<\/p>\n<p>Die Zeit der beiden Weltkriege \u00fcberstand das Geb\u00e4ude relativ schadlos, was mit Blick auf die Zerst\u00f6rungen durch Fliegerbomben und K\u00e4mpfe in der Gegend um den Westbahnhof eher verwundert. In der Zeit der Besatzung \u00d6sterreichs waren britische Offiziere im Geb\u00e4ude untergebracht. Das Hotel Westend hat in den Jahren danach viele verschiedene G\u00e4ste kommen und gehen gesehen und wurde im Jahr 2002 zu einem Hostel umgestaltet.<\/p>\n<p>&nbsp;<\/p>\n<p>Seit der \u00dcbernahme des Westend City Hostel durch die Familien Schreyer und Niedermayer im Jahr 2006, wurden im Haus st\u00e4ndig Modernisierungsarbeiten durchgef\u00fchrt, die die alte Bausubstanz des Hauses mit den Anforderungen des 21. Jahrhunderts in Einklang bringen und den G\u00e4sten einen komfortablen und erlebnisreichen Aufenthalt in Wien garantieren.<\/p>\n","protected":false},"excerpt":{"rendered":"<p>Geschichte des Hauses Das Geb\u00e4ude, das nun das Westend City Hostel beherbergt, schaut auf eine lange Geschichte zur\u00fcck. Erbaut wurde das Haus in der Mitte der<span class=\"excerpt-hellip\"> [\u2026]<\/span><\/p>\n","protected":false},"author":1,"featured_media":0,"parent":0,"menu_order":0,"comment_status":"closed","ping_status":"open","template":"","meta":{"footnotes":""},"class_list":["post-578","page","type-page","status-publish","hentry"],"_links":{"self":[{"href":"https:\/\/www.viennahostel.at\/de\/wp-json\/wp\/v2\/pages\/578","targetHints":{"allow":["GET"]}}],"collection":[{"href":"https:\/\/www.viennahostel.at\/de\/wp-json\/wp\/v2\/pages"}],"about":[{"href":"https:\/\/www.viennahostel.at\/de\/wp-json\/wp\/v2\/types\/page"}],"author":[{"embeddable":true,"href":"https:\/\/www.viennahostel.at\/de\/wp-json\/wp\/v2\/users\/1"}],"replies":[{"embeddable":true,"href":"https:\/\/www.viennahostel.at\/de\/wp-json\/wp\/v2\/comments?post=578"}],"version-history":[{"count":7,"href":"https:\/\/www.viennahostel.at\/de\/wp-json\/wp\/v2\/pages\/578\/revisions"}],"predecessor-version":[{"id":4612,"href":"https:\/\/www.viennahostel.at\/de\/wp-json\/wp\/v2\/pages\/578\/revisions\/4612"}],"wp:attachment":[{"href":"https:\/\/www.viennahostel.at\/de\/wp-json\/wp\/v2\/media?parent=578"}],"curies":[{"name":"wp","href":"https:\/\/api.w.org\/{rel}","templated":true}]}}