{"id":3577,"date":"2017-03-07T10:24:27","date_gmt":"2017-03-07T10:24:27","guid":{"rendered":"https:\/\/www.viennahostel.at\/de\/?page_id=3577"},"modified":"2019-05-20T00:16:05","modified_gmt":"2019-05-19T22:16:05","slug":"buchung-gruppe","status":"publish","type":"page","link":"https:\/\/www.viennahostel.at\/de\/wien\/buchung-gruppe\/","title":{"rendered":"Buchung Gruppe"},"content":{"rendered":"<h2>Gruppenbuchung<\/h2>\n<p><strong><span style=\"color: #ff0000;\">Hinweis<\/span><\/strong>: <span style=\"color: #000000;\">Bitte folgende Angaben unter &#8222;pers\u00f6nliche Daten&#8220; im dem Feld &#8222;zus\u00e4tzlich w\u00fcnschen wir&#8220; eintragen oder senden Sie uns Ihre Gruppenanfrage an E-Mail: <span style=\"color: #0000ff;\"><a style=\"color: #0000ff;\" href=\"mailto:info@westendhostel.at\" target=\"_blank\" rel=\"noopener noreferrer\">info@westendhostel.at<\/a><\/span><\/span><\/p>\n<ul>\n<li><span style=\"color: #000000;\">Reisezeitraum (Anreise\/Abreise)- Anzahl N\u00e4chte<\/span><\/li>\n<li><span style=\"color: #000000;\">Anzahl der TeilnehmerInnen in Mehrbettzimmern<\/span><\/li>\n<li><span style=\"color: #000000;\">Anzahl der LeiterInnen in Einzel bzw. Doppelzimmern<\/span><\/li>\n<\/ul>\n<p><strong>Buchungsformular in neuem Fenster \u00f6ffnen: <a title=\"Buchungsformular in neuem Fenster \u00f6ffnen\" href=\"https:\/\/hostels.assd.com\/mobile.php?cust=001060&amp;langcrs=D&amp;type=060\" target=\"_blank\" rel=\"noopener noreferrer\">*hier klicken*<\/a>\u00a0<\/strong><\/p>\n<p><iframe class=\"frame\" src=\"https:\/\/hostels.assd.com\/mobile.php?cust=001060&amp;langcrs=D&amp;type=060\" width=\"100%\" height=\"1500\" frameborder=\"0\" scrolling=\"auto\"><\/iframe><\/p>\n","protected":false},"excerpt":{"rendered":"<p>Gruppenbuchung Hinweis: Bitte folgende Angaben unter &#8222;pers\u00f6nliche Daten&#8220; im dem Feld &#8222;zus\u00e4tzlich w\u00fcnschen wir&#8220; eintragen oder senden Sie uns Ihre Gruppenanfrage an E-Mail: info@westendhostel.at Reisezeitraum (Anreise\/Abreise)-<span class=\"excerpt-hellip\"> [\u2026]<\/span><\/p>\n","protected":false},"author":1,"featured_media":0,"parent":0,"menu_order":0,"comment_status":"closed","ping_status":"closed","template":"","meta":{"footnotes":""},"class_list":["post-3577","page","type-page","status-publish","hentry"],"_links":{"self":[{"href":"https:\/\/www.viennahostel.at\/de\/wp-json\/wp\/v2\/pages\/3577","targetHints":{"allow":["GET"]}}],"collection":[{"href":"https:\/\/www.viennahostel.at\/de\/wp-json\/wp\/v2\/pages"}],"about":[{"href":"https:\/\/www.viennahostel.at\/de\/wp-json\/wp\/v2\/types\/page"}],"author":[{"embeddable":true,"href":"https:\/\/www.viennahostel.at\/de\/wp-json\/wp\/v2\/users\/1"}],"replies":[{"embeddable":true,"href":"https:\/\/www.viennahostel.at\/de\/wp-json\/wp\/v2\/comments?post=3577"}],"version-history":[{"count":18,"href":"https:\/\/www.viennahostel.at\/de\/wp-json\/wp\/v2\/pages\/3577\/revisions"}],"predecessor-version":[{"id":4548,"href":"https:\/\/www.viennahostel.at\/de\/wp-json\/wp\/v2\/pages\/3577\/revisions\/4548"}],"wp:attachment":[{"href":"https:\/\/www.viennahostel.at\/de\/wp-json\/wp\/v2\/media?parent=3577"}],"curies":[{"name":"wp","href":"https:\/\/api.w.org\/{rel}","templated":true}]}}