{"id":276,"date":"2013-02-26T14:29:00","date_gmt":"2013-02-26T14:29:00","guid":{"rendered":"https:\/\/www.viennahostel.at?page_id=276"},"modified":"2026-03-26T12:13:55","modified_gmt":"2026-03-26T11:13:55","slug":"gruppenbuchung-ab-9-personen","status":"publish","type":"page","link":"https:\/\/www.viennahostel.at\/de\/gruppenbuchung-ab-9-personen\/","title":{"rendered":"Gruppenreisen ab 9 Personen"},"content":{"rendered":"<h2><b>Gruppenbuchung ab 9 Personen:<\/b><\/h2>\n<h3>Allgemeine Gesch\u00e4ftsbedingungen:<\/h3>\n<p>Wir hei\u00dfen Sie herzlich Willkommen f\u00fcr Ihre Gruppenreisen, Klassenfahrten, Vereinsreisen, Abschlussreisen oder St\u00e4dtereisen.<\/p>\n<p>Wenn Sie f\u00fcr mehr als 8 Personen buchen wollen, schreiben Sie uns bitte eine E-Mail an\u00a0<a href=\"mailto:info@westendhostel.at\" target=\"_blank\" rel=\"noopener noreferrer\">info@westendhostel.at<\/a> oder senden Sie uns eine Buchungsanfrage unter: <a href=\"https:\/\/www.viennahostel.at\/de\/wien\/buchung-gruppe\/\" target=\"_blank\" rel=\"noopener noreferrer\">Gruppenbuchungen<\/a><\/p>\n<h3>UNSERE JUGENDHERBERGE SOWIE DIE REZEPTION SIND T\u00c4GLICH 24 STUNDEN GE\u00d6FFNET!<\/h3>\n<p>Unser WESTEND CITY HOSTEL ist die am zentral gelegenste internationale Jugendherberge im\u00a0Zentrum von Wien. In unserer Top Lage, in der Altstadt\u00a0neben dem\u00a0Westbahnhof und der Inneren Mariahilfer Stra\u00dfe (der gr\u00f6\u00dften Fu\u00dfg\u00e4ngerzone sowie Einkaufsstra\u00dfe Wiens), lassen sich sowohl Sehensw\u00fcrdigkeiten als auch Restaurants, Kinos und vieles mehr\u00a0zu Fu\u00df &#8211; unabh\u00e4ngig von den \u00f6ffentlichen Verkehrsmitteln &#8211; schnell erreichen:<\/p>\n<ul>\n<li>zum Museumsquartier (Kunsthistorisches Museum, Naturhistorisches Museum) zu Fu\u00df in 15 Minuten,<\/li>\n<li>zum Technischen Museum in 5 Minuten mit der Stra\u00dfenbahnlinie 52 oder 58,<\/li>\n<li>zum Stephansplatz in 5 Minuten mit U3 , oder zu Fu\u00df in 30 Minuten,<\/li>\n<li>zur Ringstrasse 15 Minuten zu Fu\u00df,<\/li>\n<li>zum Schloss Sch\u00f6nbrunn (Tiergarten) 10 Minuten mit der Stra\u00dfenbahn 58,<\/li>\n<li>zum Wiener Prater 15 Minuten mit U3 &amp; U1<\/li>\n<li>zum Wien Hauptbahnhof (Schloss Belvedere) 13 Minuten mit der Stra\u00dfenbahn 18,<\/li>\n<\/ul>\n<p><strong>Alle unsere Zimmer sind mit Stockbetten, Schlie\u00dff\u00e4chern,\u00a0Dusche und\u00a0WC ausgestattet.<\/strong><\/p>\n<p>Eincheckzeiten sind ab 15:00 Uhr.<\/p>\n<p>Bitte geben Sie uns schriftlich bis sp\u00e4testens eine Woche vor Anreise bekannt, ob Sie am Anreise- und\/ oder am Abreisetag einen Gep\u00e4cksraum ben\u00f6tigen! Nach Verf\u00fcgbarkeit halten wir Ihnen ein Zimmer bis 13 Uhr am Abreisetag kostenlos zur Gep\u00e4cksaufbewahrung frei; nach 13 Uhr wird ein 8-Bettzimerpreis verrechnet.<\/p>\n<p class=\"section1\"><span style=\"font-size: 10.0pt; font-family: 'Arial','sans-serif';\">Unsere Preise sind pro Person und Nacht (ab 20 Personen inkl. Fr\u00fchst\u00fcck).<\/span><\/p>\n<p>Bei einem Aufenthalt von nur 1 Nacht, verrechnen wir bei Mehrbettzimmer eine Reinigungsgeb\u00fchr von EUR 3,- pro Person f\u00fcr die Reinigung der Bettw\u00e4sche.<\/p>\n<p>Handt\u00fccher k\u00f6nnen Sie f\u00fcr 6,00 EUR\/St\u00fcck mieten (davon Pfand 3 EUR) (solange der Vorrat reicht), ansonsten bitte mitnehmen.<br \/>\nVorhangschloss f\u00fcr Schlie\u00dff\u00e4cher zum Verkauf: EUR 5,50,-\/St\u00fcck (solange der Vorrat reicht), ansonsten bitte mitnehmen.<\/p>\n<p>Gerne helfen wir Ihnen bei einem Restaurant in unserer N\u00e4he Halbpension zu buchen.<\/p>\n<p>Auf Anfrage und Verf\u00fcgbarkeit bieten wir auch ein Lunchpaket \u00a0an.<\/p>\n<p><strong>Gibt es Gruppenerm\u00e4\u00dfigungen bei den Wiener Linien?<\/strong><\/p>\n<p>Bitte senden Sie Ihre Anfragen wegen Gruppenerm\u00e4\u00dfigungen bei den Wienerlinien an: <a href=\"mailto:spezialtickets@wienerlinien.at\">spezialtickets@wienerlinien.at<\/a><\/p>\n<h2>AGB:<\/h2>\n<h3>Stornobedingungen Westend City Hostel f\u00fcr Gruppen ab 9 Personen:<\/h3>\n<p>Eine Stornierung (Abmeldung) muss mindestens 3 Monate vor dem Anreisetag schriftlich eingelangt sein wenn nicht schriftlich etwas anderes vereinbart worden ist. Wenn die Abmeldefrist nicht eingehalten wurde so sind die Stornogeb\u00fchren pro Person f\u00fcr alle gebuchten Leistungen, wie unten aufgez\u00e4hlt, zu bezahlen: bis 3 Monate: keine Stornogeb\u00fchren. 3 Monate bis 1 Monat vor dem Anreisetag: 40 %, 1 Monat bis 1 Woche vor dem Anreisetag: 70 %, in der letzten Woche: 90 %, Am Anreise Tag: 100% aller gebuchten Leistungen.<\/p>\n<p><strong>F\u00fcr Gruppen ab 55 Personen (oder Rechnungen ab 3000,-\u20ac) entstehen besondere Stornobedingungen:<\/strong><\/p>\n<p>Ab 180. bis 90. Tag vor Anreise 50% des vereinbarten Entgeltes (Rechnungsbetrages), ab 90. bis 30. Tag vor Anreise 70%, ab 29. bis 4 Tage vor Anreise 90% und ab dem 3. Tag vor Anreise 100% des gesamten Rechnungsbetrages.<\/p>\n<p><strong>Stornogeb\u00fchr:<\/strong><\/p>\n<p>Stornogeb\u00fchren sind zu bezahlen, wenn die Abmeldefrist nicht schriftlich eingehalten wurde, oder zwischen der Anzahl der angemeldeten und der angereisten G\u00e4ste eine Minderung eintritt.<\/p>\n<p>Da wir unsere Zimmerpreise pro Bett kalkulieren, verrechnen wir f\u00fcr jedes, sich durch \u00c4nderung der Personenanzahl frei ergebende Bett den Vollpreis. In diesem Fall kommt es zu einer \u00c4nderung der Zimmerkategorie.<\/p>\n<h3>Kostenfreie Stornierung aufgrund Corona oder im Pandemiefall unter folgenden Bedingungen:<\/h3>\n<p><strong>(Stornierung im Zusammenhang mit Covid-19 (eine entsprechende, schriftliche Best\u00e4tigung einer Beh\u00f6rde vorausgesetzt))<\/strong><\/p>\n<ul>\n<li>Offizielle Reisewarnung<\/li>\n<li>Beh\u00f6rdliche Verf\u00fcgung von Bund\/L\u00e4nder, die Reise nicht durchzuf\u00fchren<\/li>\n<li>Beherbergungsverbot<\/li>\n<li>Verbot der Unterbringung bei Anreise aus einem Risikogebiet<\/li>\n<li>Beh\u00f6rdlich angeordnete Quarant\u00e4ne der Reisegruppe<\/li>\n<\/ul>\n<p><strong>Reiseversicherung:<\/strong><\/p>\n<p>F\u00fcr unsere G\u00e4ste bieten wir eine besonders g\u00fcnstige Reisestornoversicherung mit der Europ\u00e4ischen Reiseversicherung an, die folgende Deckung zu Covid-19 anbietet:<\/p>\n<p><a href=\"https:\/\/www.europaeische.at\/service\/reisemagazin\/artikel\/urlaub-in-oesterreich-versicherungsdeckung-zu-covid-19\" target=\"_blank\" rel=\"noopener\">europaeische-versicherungsdeckung-zu-covid-19<\/a><\/p>\n<p>Ob Sie Ihren Urlaub erst gar nicht antreten k\u00f6nnen oder fr\u00fcher zur\u00fcck m\u00fcssen &#8211; sichern Sie sich ab und buchen Sie die Reiseversicherung nach der Fixen Reservierung einfach dazu.<br \/>\nPr\u00e4mie berechnen und buchen \u00fcber die Europ\u00e4ische Reiseversicherung:<\/p>\n<p><a href=\"https:\/\/start.europaeische.at\/hsp?AGN=510563\"><strong>https:\/\/start.europaeische.at\/hsp?AGN=510563<\/strong><\/a><\/p>\n<p>Bitte beachten Sie, dass die Hotelstornoprodukte f\u00fcr max. 10 Personen online abgeschlossen werden k\u00f6nnen.<\/p>\n<p>Folgende Vorgehensweise wird von der Versicherung angenommen:<\/p>\n<p>Eine Person (= Versicherungsnehmer\/in) schlie\u00dft eine Polizze &#8211; mit dem Gesamtreisepreis aller Personen &#8211; online ab.<br \/>\nDer\/Die Versicherungsehmer\/in tr\u00e4gt die ersten 10 Namen der versicherten Personen online ein und nimmt durch Pr\u00e4mienbezahlung den Polizzenabschluss vor.<\/p>\n<p>Nach Polizzenabschluss\u00a0 bitten wir Sie h\u00f6flichst um eine E-Mail an <a href=\"mailto:vu@europaeische.at\">vu@europaeische.at<\/a> und um Bekanntgabe folgender Daten:<\/p>\n<p>&#8211; Polizzennummer<br \/>\n&#8211; Bekanntgabe der Namen der versicherten Personen, welche online nicht eingetragen werden konnten.<\/p>\n<p>Weitere Reiseschutzversicherungen:<\/p>\n<p><a href=\"https:\/\/www.allianz-reiseversicherung.de\/reiseversicherung\/gruppen\/schulklassen\/\" target=\"_blank\" rel=\"noopener noreferrer\">allianz-reiseversicherung<\/a><\/p>\n<p><a href=\"https:\/\/www.europaeische.at\/veranstaltungen\/schueler-studenten\/schueler-und-studenten-schutz\/\" target=\"_blank\" rel=\"noopener noreferrer\">europaeische-schueler-studenten-schutz<\/a><\/p>\n<p>Achtung: Zu Ostern, Pfingsten und\u00a0Silvester sind mindestens\u00a03 \u00dcbernachtungen bindend.<\/p>\n<p>&nbsp;<\/p>\n<h3><strong><u>Brandschutzbestimmungen:<\/u><\/strong><\/h3>\n<ul>\n<li>Kochen, B\u00fcgeln im Zimmer ist strengstens verboten. Das Rauchen (auch Wasserpfeifen, E-Zigarette) und Hantieren mit offenem Feuer ist im ganzen Haus verboten.<\/li>\n<li>Bei Brandalarm ist das Haus unverz\u00fcglich zu verlassen. Der Sammelpunkt befindet sich in der Gasse gegen\u00fcber unseres Hauses.<\/li>\n<li>Bei Nichtbeachtung der Hausordnung haften Eltern und Aufsichtspersonen f\u00fcr minderj\u00e4hrige G\u00e4ste.<\/li>\n<\/ul>\n<p>&nbsp;<\/p>\n<h3>Haftung des Gastes f\u00fcr Sch\u00e4den<\/h3>\n<p>Der Kunde haftet f\u00fcr alle Sch\u00e4den am Geb\u00e4ude oder Inventar die durch ihn oder seine Erf\u00fcllungsgehilfen zu mindestens leicht fahrl\u00e4ssig verursacht werden. Entstehen Sch\u00e4den durch ein Fehlverhalten von Besuchern oder sonstigen Dritten aus dem Bereich des Kunden, so ist der Kunde verpflichtet, dem Hostel entstandenen Schaden im Rahmen eigener Ersatzanspr\u00fcche zugunsten des Hostels im eigenen Namen geltend zu machen. Das Hostel kann wahlweise die Abtretung der Ersatzanspr\u00fcche verlangen. Westend City Hostel ist auch berechtigt, die Kreditkarten des Kunden in der H\u00f6he des entstandenen Schadens zu belasten. F\u00fcr von G\u00e4sten verursachte Sch\u00e4den sind diese selbst verantwortlich, bei Minderj\u00e4hrigkeit deren Erziehungsberechtigte. Ist der Verursacher des Schadens Teil einer Gruppe, wird der Gruppenleiter (im Zweifelsfall die reservierende Person) zur Verantwortung und Haftung gezogen.<\/p>\n<h3>Haftung von Westend City Hostel<\/h3>\n<p>Die Parteien vereinbaren, dass das Hostel nicht f\u00fcr Diebstahl und Besch\u00e4digung von Sachen haftet, die von Kunden oder Besuchern in allgemein zug\u00e4ngliche R\u00e4ume oder in gemietete Zimmer des Hostels eingebracht werden. Ein Hostel (wie eine Schule) ist kein geeigneter Ort zur Mitnahme von wertvollen Gegenst\u00e4nden. Die Mitnahme solcher Gegenst\u00e4nde erfolgt auf eigene Gefahr. F\u00fcr die verloren gegangene Wetgegenst\u00e4nde kann das Hostel keine Haftung \u00fcbernehmen.<\/p>\n<h3><b>Bearbeitungsgeb\u00fchr:<\/b><\/h3>\n<p>F\u00fcr Gruppen \u00fcber 40 Personen: Im Falle einer Stornierung einer fixen Reservierung ab 3 Monaten vor der Ankunft verrechnen wir EUR 100,- als Bearbeitungsgeb\u00fchr.<\/p>\n<h3 align=\"justify\">Kaution:<\/h3>\n<p align=\"justify\">Westend City Hostel ist berechtigt, bei Anreise eine Kaution f\u00fcr die Gruppe in der H\u00f6he von mindestens 200,- EUR oder 10% des Rechnungsbetrages zu verlangen, die nach Endabnahme der Zimmer auf Ordnung und Sauberkeit r\u00fcckerstattet wird.<\/p>\n<p>Soweit nichts Anderes vereinbart, gelten die allgemeinen Gesch\u00e4ftsbedingungen f\u00fcr die Hotellerie (AGBH) vom 15.11.2006.<\/p>\n<ul>\n<li><a href=\"https:\/\/www.viennahostel.at\/wp-content\/uploads\/AGB-fuer-Hotellerie-2006.pdf\" target=\"_blank\" rel=\"noopener noreferrer\">AGB f\u00fcr Hotellerie 2006<\/a><\/li>\n<\/ul>\n<p>Gerichtsstand ist Wien.<\/p>\n<h3><b>Timetravel:<\/b><\/h3>\n<p>Zeitreise durch 2000 Jahre Geschichte Wiens! Ein Erlebnis f\u00fcr Schulklassen.<\/p>\n<p>Gruppen-Sonderpreise, Freier Eintritt f\u00fcr Lehrer und Begleitpersonen.<br \/>\n<a href=\"https:\/\/www.timetravel-vienna.at\/Highlights\" target=\"_blank\" rel=\"noopener noreferrer\">timetravel-vienna<\/a><b><br \/>\n<\/b><\/p>\n<h3><b>\u00a0Big Bus sightseenig: <\/b><\/h3>\n<p>Big Bus Vienna nimmt Sie auf eine Reise durch die faszinierende Geschichte Wiens.<\/p>\n<p>Genie\u00dfen Sie eine Stadtrundfahrt durch Wien mit allen wichtigen Sehensw\u00fcrdigkeiten mit Big Bus sightseenig:<\/p>\n<p><a href=\"https:\/\/deu.bigbustours.com\/vienna\/home.html?gclid=CKSxsNO43s0CFZEK0wod-dkD5Q\" target=\"_blank\" rel=\"noopener noreferrer\">bigbustours-vienna<\/a><\/p>\n","protected":false},"excerpt":{"rendered":"<p>Gruppenbuchung ab 9 Personen: Allgemeine Gesch\u00e4ftsbedingungen: Wir hei\u00dfen Sie herzlich Willkommen f\u00fcr Ihre Gruppenreisen, Klassenfahrten, Vereinsreisen, Abschlussreisen oder St\u00e4dtereisen. Wenn Sie f\u00fcr mehr als 8 Personen<span class=\"excerpt-hellip\"> [\u2026]<\/span><\/p>\n","protected":false},"author":1,"featured_media":0,"parent":0,"menu_order":0,"comment_status":"closed","ping_status":"open","template":"","meta":{"footnotes":""},"class_list":["post-276","page","type-page","status-publish","hentry"],"_links":{"self":[{"href":"https:\/\/www.viennahostel.at\/de\/wp-json\/wp\/v2\/pages\/276","targetHints":{"allow":["GET"]}}],"collection":[{"href":"https:\/\/www.viennahostel.at\/de\/wp-json\/wp\/v2\/pages"}],"about":[{"href":"https:\/\/www.viennahostel.at\/de\/wp-json\/wp\/v2\/types\/page"}],"author":[{"embeddable":true,"href":"https:\/\/www.viennahostel.at\/de\/wp-json\/wp\/v2\/users\/1"}],"replies":[{"embeddable":true,"href":"https:\/\/www.viennahostel.at\/de\/wp-json\/wp\/v2\/comments?post=276"}],"version-history":[{"count":61,"href":"https:\/\/www.viennahostel.at\/de\/wp-json\/wp\/v2\/pages\/276\/revisions"}],"predecessor-version":[{"id":7114,"href":"https:\/\/www.viennahostel.at\/de\/wp-json\/wp\/v2\/pages\/276\/revisions\/7114"}],"wp:attachment":[{"href":"https:\/\/www.viennahostel.at\/de\/wp-json\/wp\/v2\/media?parent=276"}],"curies":[{"name":"wp","href":"https:\/\/api.w.org\/{rel}","templated":true}]}}