{"id":149,"date":"2013-02-22T14:00:39","date_gmt":"2013-02-22T14:00:39","guid":{"rendered":"https:\/\/www.viennahostel.at?page_id=149"},"modified":"2024-10-18T17:08:44","modified_gmt":"2024-10-18T15:08:44","slug":"anfahrt-lage-wien","status":"publish","type":"page","link":"https:\/\/www.viennahostel.at\/de\/anfahrt-lage-wien\/","title":{"rendered":"Anreiseinfo"},"content":{"rendered":"<h3><span style=\"font-size: 1.17em;\">Anreise<\/span><\/h3>\n<p>F\u00fcr Auto-reisende: PKW-Zufahrt \u00fcber die innere Mariahilferstrasse, rechts abbiegen in die Millergasse, und dann in die F\u00fcgergasse.<\/p>\n<ul>\n<li>Auf welchem Bahnhof kommt mein Zug an?<\/li>\n<li>von Westbahnhof ca.\u00a03 min<\/li>\n<li>vom Bahnhof \u201eWien Meidling&#8220; ca. 5 min mit der U-Bahn 6<\/li>\n<li>vom Hauptbahnhof\u00a0 ca. 13 min mit der Strassenbahnlinie 18<\/li>\n<li>von Station Erdberg ca.20 min mit der U-Bahn 3<\/li>\n<li>von Flughafen ca.35 min mit Flughafen Bus<\/li>\n<li>mit Reisebus<\/li>\n<li>mit Auto<\/li>\n<li>Mit Flixbus bis Westbahnhof ca. 7 Min zu Fu\u00df:<\/li>\n<\/ul>\n<p style=\"padding-left: 40px;\"><a href=\"https:\/\/www.flixbus.at\/fernbus\/wien\" target=\"_blank\" rel=\"noopener\">flixbus<\/a><\/p>\n<h3><b>Auf welchem Bahnhof kommt mein Zug an?<\/b><\/h3>\n<p>Das Westend City Hostel liegt direkt beim Westbahnhof (auch bei gleichnamiger U-Bahn Station).<\/p>\n<p>Am Westbahnhof halten alle Z\u00fcge aus Salzburg, Linz und St. P\u00f6lten:<\/p>\n<p><a href=\"https:\/\/westbahn.at\/fahrplan\/\" target=\"_blank\" rel=\"noopener\">westbahn<\/a><\/p>\n<p>Fernz\u00fcge halten entweder am Hauptbahnhof oder in Wien Meidling, manche auch an beiden Stationen.<\/p>\n<p>Bitte pr\u00fcfen Sie im Online-Fahrplan (<a href=\"https:\/\/www.oebb.at\">www.oebb.at<\/a>), ob Ihr Zug in Wien Meidling oder Wien Hauptbahnhof h\u00e4lt.<\/p>\n<p>Von Bahnhof Wien Meidling sind Sie in 5 Minuten mit der U-Bahn Linie Nr. 6 am Westbahnhof.<\/p>\n<p>Von Hauptbahnhof sind Sie mit der Stra\u00dfenbahnlinie 18 in wenigen Minuten direkt beim Westbahnhof.<\/p>\n<h3>Wie komme ich vom Westbahnhof zum Westend City Hostel?<\/h3>\n<p>&#8211; von der Haupthalle im Westbahnhof \u00fcberquere den G\u00fcrtel Richtung<br \/>\n&#8211; Innere Mariahilferstra\u00dfe (Richtung Innere Stadt)<br \/>\n&#8211; \u00fcber Christian-Broda-Platz erste Gasse rechts in die Millergasse<br \/>\n&#8211; erste Gasse links in die F\u00fcgergasse<br \/>\n&#8211; Dauer ca. 3 min.<\/p>\n<h3>Wie komme ich vom Bahnhof \u201eWien Meidling&#8220; zum Westend City Hostel?<\/h3>\n<p>&#8211; mit U6 bis Westbahnhof (ca. 7 min)<\/p>\n<p>&#8211;\u00a0von der Haupthalle im U6-Westbahnhof \u00fcberquere den G\u00fcrtel Richtung<br \/>\n&#8211; Innere Mariahilferstra\u00dfe (Richtung Innere Stadt)<br \/>\n&#8211; \u00fcber \u201eChristian-Broda-Platz&#8220; erste Gasse rechts in die Millergasse<br \/>\n&#8211; erste Gasse links in die F\u00fcgergasse<br \/>\n&#8211; Dauer ca. 5 min.<\/p>\n<h3>Wie komme ich vom neuen Hauptbahnhof zum Westend City Hostel?<\/h3>\n<p>&#8211; Stra\u00dfenbahnlinie 18 direkt bis Station Westbahnhof<br \/>\n&#8211; \u00fcberquere den G\u00fcrtel Richtung Innere Mariahilferstra\u00dfe (Richtung Innere Stadt)<br \/>\n&#8211; \u00fcber Christian-Broda-Platz erste Gasse rechts in die Millergasse<br \/>\n&#8211; erste Gasse links in die F\u00fcgergasse<br \/>\n&#8211; Dauer ca. 15 min.<\/p>\n<ul>\n<li>oder beim Bahnhof \u201eWien Meidling\u201c aussteigen, mit U6 ca. 5 min zum Westbahnhof fahren.<\/li>\n<\/ul>\n<h3>Wie komme ich von der Busstation &#8222;Erdberg&#8220; zum Westend City Hostel?<\/h3>\n<p>&#8211; U-Bahnlinie 3 direkt bis Westbahnhof<br \/>\n&#8211; \u00fcberquere den G\u00fcrtel Richtung Innere Mariahilferstra\u00dfe (Richtung Innere Stadt)<br \/>\n&#8211; \u00fcber Christian-Broda-Platz erste Gasse rechts in die Millergasse<br \/>\n&#8211; erste Gasse links in die F\u00fcgergasse<br \/>\n&#8211; Dauer ca. 15 min.<\/p>\n<h3>Wie komme ich vom Flughafen zum Westend City Hostel?<\/h3>\n<p>&#8211; Mit dem Bus bis Westbahnhof. Der Bus f\u00e4hrt alle 30 min und kostet ca. 6 Euro pro Richtung und Person<br \/>\n&#8211; \u00fcberquere den G\u00fcrtel Richtung Innere Mariahilferstra\u00dfe (Richtung Innere Stadt)<br \/>\n&#8211; \u00fcber Christian-Broda-Platz erste Gasse rechts in die Millergasse<br \/>\n&#8211; erste Gasse links in die F\u00fcgergasse<br \/>\n&#8211; Dauer ca. 35 min.<\/p>\n<h3>Wie kommt man mit dem Auto und Kleinbus zum Westend City Hostel?<\/h3>\n<p>F\u00fcr Auto-reisende: PKW-Zufahrt \u00fcber die innere Mariahilferstrasse, rechts abbiegen in die Millergasse, und dann in die F\u00fcgergasse.<\/p>\n<p><span style=\"color: #ffffff;\">Vor dem Parken in der APCOA-Garage erhalten Sie einen erm\u00e4\u00dfigten 24 Stunden Garagenticket bei der Rezeption.<\/span><\/p>\n<p>Zufahrt zu APCOA Garage erfolgt \u00fcber die Mariahilferstrasse \/Millergasse.<\/p>\n<h3><span style=\"color: #ffffff;\">\u00a0<\/span><\/h3>\n<h3>Wo kann man mit dem Auto parken?<\/h3>\n<p>Die Apcoa Garage Mariahilferstrasse befindet sich in der Miller gasse. Bitte kaufen Sie das Ticket direkt bei der Garage.<br \/>\nAn Sonn- und Feiertagen ist das Parken in ganz Wien gratis. Bitte beachten Sie die Anrainer Parkpl\u00e4tze und Halte und Parkverbot Tafeln.<\/p>\n<h3>Wie kommt man mit einem Reisebus zum Westend City Hostel?<\/h3>\n<p>Mit dem Bus empfehlen wir euch, dass ihr bei der Bushaltestelle vor dem &#8222;Leonardo Hotel&#8220; am &#8222;Mariahilfer G\u00fcrtel Nr. 30&#8220; aussteigt. Von dort geht ihr dann in die Matrosengasse bis zur Millergasse und dann in die F\u00fcgergasse. ca. 1 min. zu Fu\u00df zum Hostel.<\/p>\n<h3>Wo kann man in der N\u00e4he einen Busparkplatz finden? Wie viel kostet er?<\/h3>\n<p><a href=\"https:\/\/b2b.wien.info\/de\/reisebranche\/busguide\/parken-ein-ausstiegstellen-354920\" target=\"_blank\" rel=\"noopener\">busguide\/parken-ein-ausstiegstellen<\/a><br \/>\noder<br \/>\n<a href=\"http:\/\/www.reisemobilstellplatz-wien.at\/\" target=\"_blank\" rel=\"noopener\">reisemobilstellplatz-wien<\/a><\/p>\n<p>A-1230 Wien, Perfektastra\u00dfe 49 &#8211; 53<br \/>\nTel.: +43 664 433 7271, Fax: +43 1 863 11 12<br \/>\nEmail: office@reisemobilstellplatz-wien.at<br \/>\nGPS: 48\u00b008&#8217;13&#8220; N 16\u00b018&#8217;57&#8220; E<\/p>\n<h2><\/h2>\n","protected":false},"excerpt":{"rendered":"<p>Anreise F\u00fcr Auto-reisende: PKW-Zufahrt \u00fcber die innere Mariahilferstrasse, rechts abbiegen in die Millergasse, und dann in die F\u00fcgergasse. Auf welchem Bahnhof kommt mein Zug an? von<span class=\"excerpt-hellip\"> [\u2026]<\/span><\/p>\n","protected":false},"author":1,"featured_media":0,"parent":0,"menu_order":0,"comment_status":"closed","ping_status":"closed","template":"","meta":{"footnotes":""},"class_list":["post-149","page","type-page","status-publish","hentry"],"_links":{"self":[{"href":"https:\/\/www.viennahostel.at\/de\/wp-json\/wp\/v2\/pages\/149","targetHints":{"allow":["GET"]}}],"collection":[{"href":"https:\/\/www.viennahostel.at\/de\/wp-json\/wp\/v2\/pages"}],"about":[{"href":"https:\/\/www.viennahostel.at\/de\/wp-json\/wp\/v2\/types\/page"}],"author":[{"embeddable":true,"href":"https:\/\/www.viennahostel.at\/de\/wp-json\/wp\/v2\/users\/1"}],"replies":[{"embeddable":true,"href":"https:\/\/www.viennahostel.at\/de\/wp-json\/wp\/v2\/comments?post=149"}],"version-history":[{"count":35,"href":"https:\/\/www.viennahostel.at\/de\/wp-json\/wp\/v2\/pages\/149\/revisions"}],"predecessor-version":[{"id":6218,"href":"https:\/\/www.viennahostel.at\/de\/wp-json\/wp\/v2\/pages\/149\/revisions\/6218"}],"wp:attachment":[{"href":"https:\/\/www.viennahostel.at\/de\/wp-json\/wp\/v2\/media?parent=149"}],"curies":[{"name":"wp","href":"https:\/\/api.w.org\/{rel}","templated":true}]}}